{"id":4715,"date":"2023-03-31T16:04:51","date_gmt":"2023-03-31T13:04:51","guid":{"rendered":"https:\/\/www.anako.com.tr\/?page_id=4715"},"modified":"2023-03-31T16:04:51","modified_gmt":"2023-03-31T13:04:51","slug":"reports","status":"publish","type":"page","link":"https:\/\/www.anako.com.tr\/en\/reports\/","title":{"rendered":"Reports"},"content":{"rendered":"<style>.elementor-4715 .elementor-element.elementor-element-9a132fa > .elementor-container{max-width:1180px;}.elementor-4715 .elementor-element.elementor-element-9a132fa > .elementor-background-overlay{opacity:0.6;transition:background 0.3s, border-radius 0.3s, opacity 0.3s;}.elementor-4715 .elementor-element.elementor-element-9a132fa{transition:background 0.3s, border 0.3s, border-radius 0.3s, box-shadow 0.3s;padding:130px 0px 130px 0px;}.elementor-4715 .elementor-element.elementor-element-9a132fa > .elementor-shape-bottom .elementor-shape-fill{fill:#F7A600;}.elementor-4715 .elementor-element.elementor-element-9a132fa > .elementor-shape-bottom svg{width:calc(154% + 1.3px);height:134px;}.elementor-4715 .elementor-element.elementor-element-2b80e79 .elementor-heading-title{font-family:\"produkt\";font-size:37px;font-weight:800;line-height:1em;letter-spacing:2.6px;color:#F7A600;}.elementor-4715 .elementor-element.elementor-element-2b80e79 > .elementor-widget-container{margin:-20px 0px 2px 16px;padding:0px 0px 0px 0px;}.elementor-4715 .elementor-element.elementor-element-2b80e79{width:100%;max-width:100%;align-self:flex-start;}.elementor-4715 .elementor-element.elementor-element-dcf1a1a{margin-top:0px;margin-bottom:0px;padding:0px 0px 31px 0px;}.elementor-4715 .elementor-element.elementor-element-dc209db .elementor-accordion-icon, .elementor-4715 .elementor-element.elementor-element-dc209db .elementor-accordion-title{color:#F7A600;}.elementor-4715 .elementor-element.elementor-element-dc209db .elementor-accordion-icon svg{fill:#F7A600;}.elementor-4715 .elementor-element.elementor-element-dc209db .elementor-accordion-title{font-family:\"produkt\";}.elementor-4715 .elementor-element.elementor-element-dc209db .elementor-tab-content{font-family:\"Ubuntu\";}.elementor-4715 .elementor-element.elementor-element-dc209db > .elementor-widget-container{margin:46px 0px 0px 0px;}@media(max-width:1024px){.elementor-4715 .elementor-element.elementor-element-7d37826 > .elementor-element-populated{margin:0px 0px 0px 0px;--e-column-margin-right:0px;--e-column-margin-left:0px;padding:0px 0px 0px 10px;}}@media(max-width:767px){.elementor-4715 .elementor-element.elementor-element-9a132fa > .elementor-shape-bottom svg{width:calc(166% + 1.3px);height:68px;}.elementor-4715 .elementor-element.elementor-element-2b80e79 .elementor-heading-title{font-size:38px;}}\/* Start custom CSS *\/.elementor-274 .elementor-element.elementor-element-4f3072aa .jeg-elementor-kit.jkit-icon-box .jkit-icon-box-wrapper {\r\n    text-align: center;\r\n    background-color: #F7A600;\r\n    padding: 50px 50px 24px 50px !important;\r\n    border-style: solid;\r\n    border-width: 0px 0px 0px 0px;\r\n    border-radius: 5px 5px 5px 5px;\r\n}\r\n.elementor-274 .elementor-element.elementor-element-4f3072aa .jeg-elementor-kit.jkit-icon-box .title {\r\n    margin: -36px 16px 24px 0px;\r\n    padding: 0px 0px 0px 0px;\r\n    color: #FFFFFF;\r\n    font-family: var( --e-global-typography-fe92d12-font-family ), Sans-serif;\r\n    font-size: var( --e-global-typography-fe92d12-font-size );\r\n    font-weight: var( --e-global-typography-fe92d12-font-weight );\r\n    line-height: var( --e-global-typography-fe92d12-line-height );\r\n    letter-spacing: var( --e-global-typography-fe92d12-letter-spacing );\r\n}\r\n.fa-egg:before {\r\n    content: \"\\f7fb\";\r\n    left: 5px !important;\r\n    margin-left: -22px;\r\n}\r\n.elementor-274 .elementor-element.elementor-element-4f3072aa .jeg-elementor-kit.jkit-icon-box .jkit-icon-box-wrapper {\r\n    text-align: center;\r\n    background-color: #fff;\r\n    padding: 50px 50px 24px 50px !important;\r\n    border-style: solid;\r\n    border-width: 0px 0px 0px 0px;\r\n    border-radius: 5px 5px 5px 5px;\r\n}\r\n.elementor-274 .elementor-element.elementor-element-4f3072aa .jeg-elementor-kit.jkit-icon-box .title {\r\n    margin: -36px 16px 24px 0px;\r\n    padding: 0px 0px 0px 0px;\r\n    color: #000;\r\n    font-family: var( --e-global-typography-fe92d12-font-family ), Sans-serif;\r\n    font-size: var( --e-global-typography-fe92d12-font-size );\r\n    font-weight: var( --e-global-typography-fe92d12-font-weight );\r\n    line-height: var( --e-global-typography-fe92d12-line-height );\r\n    letter-spacing: var( --e-global-typography-fe92d12-letter-spacing );\r\n}\r\n@media only screen and (min-width: 508px) {\r\n.elementor-274 .elementor-element.elementor-element-7960d71e {\r\n    width: 50%;\r\n    left: 102px !important;\r\n}\r\n}\/* End custom CSS *\/\n\/* Start Custom Fonts CSS *\/@font-face {\n\tfont-family: 'produkt';\n\tfont-style: normal;\n\tfont-weight: 800;\n\tfont-display: auto;\n\tsrc: url('https:\/\/www.anako.com.tr\/wp-content\/uploads\/2023\/02\/Produkt-Black-K.ttf') format('truetype');\n}\n@font-face {\n\tfont-family: 'produkt';\n\tfont-style: normal;\n\tfont-weight: 600;\n\tfont-display: auto;\n\tsrc: url('https:\/\/www.anako.com.tr\/wp-content\/uploads\/2023\/02\/Produkt-Bold.ttf') format('truetype');\n}\n@font-face {\n\tfont-family: 'produkt';\n\tfont-style: normal;\n\tfont-weight: 400;\n\tfont-display: auto;\n\tsrc: url('https:\/\/www.anako.com.tr\/wp-content\/uploads\/2023\/02\/Produkt-Semibold.ttf') format('truetype');\n}\n\/* End Custom Fonts CSS *\/<\/style>\t\t<div data-elementor-type=\"wp-page\" data-elementor-id=\"4715\" class=\"elementor elementor-4715\" data-elementor-post-type=\"page\">\n\t\t\t\t\t\t<section class=\"elementor-section elementor-top-section elementor-element elementor-element-9a132fa elementor-section-boxed elementor-section-height-default elementor-section-height-default\" data-id=\"9a132fa\" data-element_type=\"section\" data-e-type=\"section\" data-settings=\"{&quot;background_background&quot;:&quot;classic&quot;,&quot;shape_divider_bottom&quot;:&quot;waves&quot;}\">\n\t\t\t\t\t\t\t<div class=\"elementor-background-overlay\"><\/div>\n\t\t\t\t\t\t<div class=\"elementor-shape elementor-shape-bottom\" aria-hidden=\"true\" data-negative=\"false\">\n\t\t\t<svg xmlns=\"http:\/\/www.w3.org\/2000\/svg\" viewbox=\"0 0 1000 100\" preserveaspectratio=\"none\">\n\t<path class=\"elementor-shape-fill\" d=\"M421.9,6.5c22.6-2.5,51.5,0.4,75.5,5.3c23.6,4.9,70.9,23.5,100.5,35.7c75.8,32.2,133.7,44.5,192.6,49.7\tc23.6,2.1,48.7,3.5,103.4-2.5c54.7-6,106.2-25.6,106.2-25.6V0H0v30.3c0,0,72,32.6,158.4,30.5c39.2-0.7,92.8-6.7,134-22.4\tc21.2-8.1,52.2-18.2,79.7-24.2C399.3,7.9,411.6,7.5,421.9,6.5z\"\/>\n<\/svg>\t\t<\/div>\n\t\t\t\t\t<div class=\"elementor-container elementor-column-gap-no\">\n\t\t\t\t\t<div class=\"elementor-column elementor-col-100 elementor-top-column elementor-element elementor-element-7d37826\" data-id=\"7d37826\" data-element_type=\"column\" data-e-type=\"column\">\n\t\t\t<div class=\"elementor-widget-wrap elementor-element-populated\">\n\t\t\t\t\t\t<div class=\"elementor-element elementor-element-2b80e79 elementor-widget__width-inherit elementor-widget elementor-widget-heading\" data-id=\"2b80e79\" data-element_type=\"widget\" data-e-type=\"widget\" data-widget_type=\"heading.default\">\n\t\t\t\t<div class=\"elementor-widget-container\">\n\t\t\t\t\t<h2 class=\"elementor-heading-title elementor-size-default\">Publications<\/h2>\t\t\t\t<\/div>\n\t\t\t\t<\/div>\n\t\t\t\t\t<\/div>\n\t\t<\/div>\n\t\t\t\t\t<\/div>\n\t\t<\/section>\n\t\t\t\t<section class=\"elementor-section elementor-top-section elementor-element elementor-element-dcf1a1a elementor-section-boxed elementor-section-height-default elementor-section-height-default\" data-id=\"dcf1a1a\" data-element_type=\"section\" data-e-type=\"section\">\n\t\t\t\t\t\t<div class=\"elementor-container elementor-column-gap-default\">\n\t\t\t\t\t<div class=\"elementor-column elementor-col-100 elementor-top-column elementor-element elementor-element-dc13e44\" data-id=\"dc13e44\" data-element_type=\"column\" data-e-type=\"column\">\n\t\t\t<div class=\"elementor-widget-wrap elementor-element-populated\">\n\t\t\t\t\t\t<div class=\"elementor-element elementor-element-dc209db elementor-widget elementor-widget-accordion\" data-id=\"dc209db\" data-element_type=\"widget\" data-e-type=\"widget\" data-widget_type=\"accordion.default\">\n\t\t\t\t<div class=\"elementor-widget-container\">\n\t\t\t\t\t\t\t<div class=\"elementor-accordion\">\n\t\t\t\t\t\t\t<div class=\"elementor-accordion-item\">\n\t\t\t\t\t<div id=\"elementor-tab-title-2301\" class=\"elementor-tab-title\" data-tab=\"1\" role=\"button\" aria-controls=\"elementor-tab-content-2301\" aria-expanded=\"false\">\n\t\t\t\t\t\t\t\t\t\t\t\t\t<span class=\"elementor-accordion-icon elementor-accordion-icon-left\" aria-hidden=\"true\">\n\t\t\t\t\t\t\t\t\t\t\t\t\t\t\t<span class=\"elementor-accordion-icon-closed\"><i class=\"fas fa-plus\"><\/i><\/span>\n\t\t\t\t\t\t\t\t<span class=\"elementor-accordion-icon-opened\"><i class=\"fas fa-minus\"><\/i><\/span>\n\t\t\t\t\t\t\t\t\t\t\t\t\t\t<\/span>\n\t\t\t\t\t\t\t\t\t\t\t\t<a class=\"elementor-accordion-title\" tabindex=\"0\">Sustainability Reports<\/a>\n\t\t\t\t\t<\/div>\n\t\t\t\t\t<div id=\"elementor-tab-content-2301\" class=\"elementor-tab-content elementor-clearfix\" data-tab=\"1\" role=\"region\" aria-labelledby=\"elementor-tab-title-2301\"><p><a href=\"https:\/\/www.anako.com.tr\/wp-content\/uploads\/2021\/09\/Anako-Surdurulebilirlik_Raporu_2017.pdf\">2017\u00a0<\/a><\/p><p><a href=\"https:\/\/www.anako.com.tr\/wp-content\/uploads\/2021\/09\/Anako-Surdurulebilirlik-Raporu_2018.pdf\">2018\u00a0<\/a><\/p><p><a href=\"https:\/\/www.anako.com.tr\/wp-content\/uploads\/2021\/09\/Anako_Surdurulebilirlik-Raporu_2019.pdf\">2019\u00a0<\/a><\/p><p><a href=\"https:\/\/www.anako.com.tr\/wp-content\/uploads\/2022\/01\/Anako-S\u00fcrd\u00fcr\u00fclebilirlik-Raporu-2020-4.pdf\">2020<\/a><\/p><p><a href=\"https:\/\/www.anako.com.tr\/wp-content\/uploads\/2022\/02\/Anako-S\u00fcrd\u00fcr\u00fclebilirlik-Raporu-2021.pdf\">2021<\/a><\/p><\/div>\n\t\t\t\t<\/div>\n\t\t\t\t\t\t\t<div class=\"elementor-accordion-item\">\n\t\t\t\t\t<div id=\"elementor-tab-title-2302\" class=\"elementor-tab-title\" data-tab=\"2\" role=\"button\" aria-controls=\"elementor-tab-content-2302\" aria-expanded=\"false\">\n\t\t\t\t\t\t\t\t\t\t\t\t\t<span class=\"elementor-accordion-icon elementor-accordion-icon-left\" aria-hidden=\"true\">\n\t\t\t\t\t\t\t\t\t\t\t\t\t\t\t<span class=\"elementor-accordion-icon-closed\"><i class=\"fas fa-plus\"><\/i><\/span>\n\t\t\t\t\t\t\t\t<span class=\"elementor-accordion-icon-opened\"><i class=\"fas fa-minus\"><\/i><\/span>\n\t\t\t\t\t\t\t\t\t\t\t\t\t\t<\/span>\n\t\t\t\t\t\t\t\t\t\t\t\t<a class=\"elementor-accordion-title\" tabindex=\"0\">Catalogues<\/a>\n\t\t\t\t\t<\/div>\n\t\t\t\t\t<div id=\"elementor-tab-content-2302\" class=\"elementor-tab-content elementor-clearfix\" data-tab=\"2\" role=\"region\" aria-labelledby=\"elementor-tab-title-2302\"><p><a href=\"https:\/\/www.anako.com.tr\/wp-content\/uploads\/2022\/12\/Kurumsal-Tan\u0131t\u0131m-Kitapc\u0327\u0131g\u0306\u0131.pdf\" target=\"_blank\" rel=\"noopener\">Kurumsal Tan\u0131t\u0131m Katalo\u011fu<\/a><\/p><p><a href=\"https:\/\/www.anako.com.tr\/wp-content\/uploads\/2022\/12\/Anako-Brochure.pdf\">Corporate Brochure<\/a><\/p><\/div>\n\t\t\t\t<\/div>\n\t\t\t\t\t\t\t<div class=\"elementor-accordion-item\">\n\t\t\t\t\t<div id=\"elementor-tab-title-2303\" class=\"elementor-tab-title\" data-tab=\"3\" role=\"button\" aria-controls=\"elementor-tab-content-2303\" aria-expanded=\"false\">\n\t\t\t\t\t\t\t\t\t\t\t\t\t<span class=\"elementor-accordion-icon elementor-accordion-icon-left\" aria-hidden=\"true\">\n\t\t\t\t\t\t\t\t\t\t\t\t\t\t\t<span class=\"elementor-accordion-icon-closed\"><i class=\"fas fa-plus\"><\/i><\/span>\n\t\t\t\t\t\t\t\t<span class=\"elementor-accordion-icon-opened\"><i class=\"fas fa-minus\"><\/i><\/span>\n\t\t\t\t\t\t\t\t\t\t\t\t\t\t<\/span>\n\t\t\t\t\t\t\t\t\t\t\t\t<a class=\"elementor-accordion-title\" tabindex=\"0\">Scientific Publications<\/a>\n\t\t\t\t\t<\/div>\n\t\t\t\t\t<div id=\"elementor-tab-content-2303\" class=\"elementor-tab-content elementor-clearfix\" data-tab=\"3\" role=\"region\" aria-labelledby=\"elementor-tab-title-2303\"><p><a href=\"https:\/\/www.anako.com.tr\/wp-content\/uploads\/2022\/06\/Salmonella-Bilgilendirme-Kitap\u00e7\u0131\u011f\u0131.pdf\"><em>Salmonella<\/em> Bilgilendirme Kitap\u00e7\u0131\u011f\u0131 &#8211; Haziran 2022<\/a><\/p><p><a href=\"https:\/\/www.anako.com.tr\/wp-content\/uploads\/2022\/06\/Salmonella-Makale-TR-ve-EN.pdf\"><em>Salmonella<\/em> Makaleleri T\u00fcrk\u00e7e ve \u0130ngilizce &#8211; Haziran 2022<\/a><\/p><\/div>\n\t\t\t\t<\/div>\n\t\t\t\t\t\t\t<div class=\"elementor-accordion-item\">\n\t\t\t\t\t<div id=\"elementor-tab-title-2304\" class=\"elementor-tab-title\" data-tab=\"4\" role=\"button\" aria-controls=\"elementor-tab-content-2304\" aria-expanded=\"false\">\n\t\t\t\t\t\t\t\t\t\t\t\t\t<span class=\"elementor-accordion-icon elementor-accordion-icon-left\" aria-hidden=\"true\">\n\t\t\t\t\t\t\t\t\t\t\t\t\t\t\t<span class=\"elementor-accordion-icon-closed\"><i class=\"fas fa-plus\"><\/i><\/span>\n\t\t\t\t\t\t\t\t<span class=\"elementor-accordion-icon-opened\"><i class=\"fas fa-minus\"><\/i><\/span>\n\t\t\t\t\t\t\t\t\t\t\t\t\t\t<\/span>\n\t\t\t\t\t\t\t\t\t\t\t\t<a class=\"elementor-accordion-title\" tabindex=\"0\">Protection of Personal Data<\/a>\n\t\t\t\t\t<\/div>\n\t\t\t\t\t<div id=\"elementor-tab-content-2304\" class=\"elementor-tab-content elementor-clearfix\" data-tab=\"4\" role=\"region\" aria-labelledby=\"elementor-tab-title-2304\"><p><a href=\"http:\/\/www.anako.com.tr\/wp-content\/uploads\/2021\/10\/KVKK-Genel-Aydinlatma-Metni.pdf\">Ki\u015fisel Verilerin Korunmas\u0131 Genel Ayd\u0131nlatma Metni<\/a><br \/><a href=\"http:\/\/www.anako.com.tr\/wp-content\/uploads\/2021\/10\/KVKK-Politikasi.pdf\">Ki\u015fisel Verilerin \u0130\u015flenmesi Saklanmas\u0131 ve \u0130mhas\u0131 Politikas\u0131<\/a><br \/><a href=\"http:\/\/www.anako.com.tr\/wp-content\/uploads\/2021\/10\/KVKK-Politikasi.pdf\">Ki\u015fisel Verilerin Korunmas\u0131 M\u00fc\u015fteri Ayd\u0131nlatma Metni<\/a><br \/><a href=\"http:\/\/www.anako.com.tr\/wp-content\/uploads\/2021\/10\/KVKK-Politikasi.pdf\">KVKK Veri Sahibi Ba\u015fvuru Formu<\/a><\/p><\/div>\n\t\t\t\t<\/div>\n\t\t\t\t\t\t\t\t<\/div>\n\t\t\t\t\t\t<\/div>\n\t\t\t\t<\/div>\n\t\t\t\t\t<\/div>\n\t\t<\/div>\n\t\t\t\t\t<\/div>\n\t\t<\/section>\n\t\t\t\t<\/div>","protected":false},"excerpt":{"rendered":"<p>Yay\u0131nlar S\u00fcrd\u00fcr\u00fclebilirlik Raporlar\u0131 2017\u00a0 2018\u00a0 2019\u00a0 2020 2021 Kataloglar Kurumsal Tan\u0131t\u0131m Katalo\u011fu Corporate Brochure Bilimsel Yay\u0131nlar Salmonella Bilgilendirme Kitap\u00e7\u0131\u011f\u0131 \u2013 Haziran 2022 Salmonella Makaleleri T\u00fcrk\u00e7e ve \u0130ngilizce \u2013 Haziran 2022 Ki\u015fisel Verilerin Korunmas\u0131 Ki\u015fisel Verilerin Korunmas\u0131 Genel Ayd\u0131nlatma Metni Ki\u015fisel Verilerin \u0130\u015flenmesi Saklanmas\u0131 ve \u0130mhas\u0131 Politikas\u0131 Ki\u015fisel Verilerin Korunmas\u0131 M\u00fc\u015fteri Ayd\u0131nlatma Metni KVKK Veri Sahibi &hellip; <\/p>\n<p class=\"link-more\"><a href=\"https:\/\/www.anako.com.tr\/en\/reports\/\" class=\"more-link\">Continue reading<span class=\"screen-reader-text\"> &#8220;Reports&#8221;<\/span><\/a><\/p>","protected":false},"author":3,"featured_media":0,"parent":0,"menu_order":0,"comment_status":"closed","ping_status":"closed","template":"elementor_header_footer","meta":{"om_disable_all_campaigns":false,"_monsterinsights_skip_tracking":false,"_monsterinsights_sitenote_active":false,"_monsterinsights_sitenote_note":"","_monsterinsights_sitenote_category":0,"_uf_show_specific_survey":0,"_uf_disable_surveys":false,"footnotes":""},"class_list":["post-4715","page","type-page","status-publish","hentry"],"aioseo_notices":[],"_links":{"self":[{"href":"https:\/\/www.anako.com.tr\/en\/wp-json\/wp\/v2\/pages\/4715","targetHints":{"allow":["GET"]}}],"collection":[{"href":"https:\/\/www.anako.com.tr\/en\/wp-json\/wp\/v2\/pages"}],"about":[{"href":"https:\/\/www.anako.com.tr\/en\/wp-json\/wp\/v2\/types\/page"}],"author":[{"embeddable":true,"href":"https:\/\/www.anako.com.tr\/en\/wp-json\/wp\/v2\/users\/3"}],"replies":[{"embeddable":true,"href":"https:\/\/www.anako.com.tr\/en\/wp-json\/wp\/v2\/comments?post=4715"}],"version-history":[{"count":1,"href":"https:\/\/www.anako.com.tr\/en\/wp-json\/wp\/v2\/pages\/4715\/revisions"}],"predecessor-version":[{"id":4716,"href":"https:\/\/www.anako.com.tr\/en\/wp-json\/wp\/v2\/pages\/4715\/revisions\/4716"}],"wp:attachment":[{"href":"https:\/\/www.anako.com.tr\/en\/wp-json\/wp\/v2\/media?parent=4715"}],"curies":[{"name":"wp","href":"https:\/\/api.w.org\/{rel}","templated":true}]}}