{"id":4717,"date":"2023-03-31T16:16:34","date_gmt":"2023-03-31T13:16:34","guid":{"rendered":"https:\/\/www.anako.com.tr\/?page_id=4717"},"modified":"2023-04-01T13:08:39","modified_gmt":"2023-04-01T10:08:39","slug":"our-policy-on-quality-food-safety-occupational-health-and-safety-environment","status":"publish","type":"page","link":"https:\/\/www.anako.com.tr\/en\/our-policy-on-quality-food-safety-occupational-health-and-safety-environment\/","title":{"rendered":"Our Policy on Quality, Food Safety, Occupational Health and Safety, Environment"},"content":{"rendered":"<style>.elementor-4717 .elementor-element.elementor-element-a9a3567 > .elementor-container{max-width:1180px;}.elementor-4717 .elementor-element.elementor-element-a9a3567 > .elementor-background-overlay{opacity:0.6;transition:background 0.3s, border-radius 0.3s, opacity 0.3s;}.elementor-4717 .elementor-element.elementor-element-a9a3567{transition:background 0.3s, border 0.3s, border-radius 0.3s, box-shadow 0.3s;padding:130px 0px 130px 0px;}.elementor-4717 .elementor-element.elementor-element-a9a3567 > .elementor-shape-bottom .elementor-shape-fill{fill:#F7A600;}.elementor-4717 .elementor-element.elementor-element-a9a3567 > .elementor-shape-bottom svg{width:calc(154% + 1.3px);height:134px;}.elementor-4717 .elementor-element.elementor-element-d7a50d6 .elementor-heading-title{font-family:\"produkt\";font-size:37px;font-weight:800;line-height:1em;letter-spacing:0px;color:#F7A600;}.elementor-4717 .elementor-element.elementor-element-d7a50d6 > .elementor-widget-container{margin:-20px 0px 2px 16px;padding:0px 0px 0px 0px;}.elementor-4717 .elementor-element.elementor-element-d7a50d6{width:100%;max-width:100%;align-self:flex-start;}.elementor-4717 .elementor-element.elementor-element-6a9ea26{margin-top:50px;margin-bottom:0px;}.elementor-4717 .elementor-element.elementor-element-ccbc12a > .elementor-element-populated{margin:24px 0px 0px 0px;--e-column-margin-right:0px;--e-column-margin-left:0px;}.elementor-4717 .elementor-element.elementor-element-030e47a{font-family:\"Ubuntu\";font-weight:400;color:#282828;}@media(max-width:1024px){.elementor-4717 .elementor-element.elementor-element-ca8a5b3 > .elementor-element-populated{margin:0px 0px 0px 0px;--e-column-margin-right:0px;--e-column-margin-left:0px;padding:0px 0px 0px 10px;}}@media(max-width:767px){.elementor-4717 .elementor-element.elementor-element-a9a3567 > .elementor-shape-bottom svg{width:calc(166% + 1.3px);height:68px;}.elementor-4717 .elementor-element.elementor-element-d7a50d6 .elementor-heading-title{font-size:38px;}}\/* Start custom CSS *\/.elementor-274 .elementor-element.elementor-element-4f3072aa .jeg-elementor-kit.jkit-icon-box .jkit-icon-box-wrapper {\r\n    text-align: center;\r\n    background-color: #F7A600;\r\n    padding: 50px 50px 24px 50px !important;\r\n    border-style: solid;\r\n    border-width: 0px 0px 0px 0px;\r\n    border-radius: 5px 5px 5px 5px;\r\n}\r\n.elementor-274 .elementor-element.elementor-element-4f3072aa .jeg-elementor-kit.jkit-icon-box .title {\r\n    margin: -36px 16px 24px 0px;\r\n    padding: 0px 0px 0px 0px;\r\n    color: #FFFFFF;\r\n    font-family: var( --e-global-typography-fe92d12-font-family ), Sans-serif;\r\n    font-size: var( --e-global-typography-fe92d12-font-size );\r\n    font-weight: var( --e-global-typography-fe92d12-font-weight );\r\n    line-height: var( --e-global-typography-fe92d12-line-height );\r\n    letter-spacing: var( --e-global-typography-fe92d12-letter-spacing );\r\n}\r\n.fa-egg:before {\r\n    content: \"\\f7fb\";\r\n    left: 5px !important;\r\n    margin-left: -22px;\r\n}\r\n.elementor-274 .elementor-element.elementor-element-4f3072aa .jeg-elementor-kit.jkit-icon-box .jkit-icon-box-wrapper {\r\n    text-align: center;\r\n    background-color: #fff;\r\n    padding: 50px 50px 24px 50px !important;\r\n    border-style: solid;\r\n    border-width: 0px 0px 0px 0px;\r\n    border-radius: 5px 5px 5px 5px;\r\n}\r\n.elementor-274 .elementor-element.elementor-element-4f3072aa .jeg-elementor-kit.jkit-icon-box .title {\r\n    margin: -36px 16px 24px 0px;\r\n    padding: 0px 0px 0px 0px;\r\n    color: #000;\r\n    font-family: var( --e-global-typography-fe92d12-font-family ), Sans-serif;\r\n    font-size: var( --e-global-typography-fe92d12-font-size );\r\n    font-weight: var( --e-global-typography-fe92d12-font-weight );\r\n    line-height: var( --e-global-typography-fe92d12-line-height );\r\n    letter-spacing: var( --e-global-typography-fe92d12-letter-spacing );\r\n}\r\n@media only screen and (min-width: 508px) {\r\n.elementor-274 .elementor-element.elementor-element-7960d71e {\r\n    width: 50%;\r\n    left: 102px !important;\r\n}\r\n}\/* End custom CSS *\/\n\/* Start Custom Fonts CSS *\/@font-face {\n\tfont-family: 'produkt';\n\tfont-style: normal;\n\tfont-weight: 800;\n\tfont-display: auto;\n\tsrc: url('https:\/\/www.anako.com.tr\/wp-content\/uploads\/2023\/02\/Produkt-Black-K.ttf') format('truetype');\n}\n@font-face {\n\tfont-family: 'produkt';\n\tfont-style: normal;\n\tfont-weight: 600;\n\tfont-display: auto;\n\tsrc: url('https:\/\/www.anako.com.tr\/wp-content\/uploads\/2023\/02\/Produkt-Bold.ttf') format('truetype');\n}\n@font-face {\n\tfont-family: 'produkt';\n\tfont-style: normal;\n\tfont-weight: 400;\n\tfont-display: auto;\n\tsrc: url('https:\/\/www.anako.com.tr\/wp-content\/uploads\/2023\/02\/Produkt-Semibold.ttf') format('truetype');\n}\n\/* End Custom Fonts CSS *\/<\/style>\t\t<div data-elementor-type=\"wp-page\" data-elementor-id=\"4717\" class=\"elementor elementor-4717\" data-elementor-post-type=\"page\">\n\t\t\t\t\t\t<section class=\"elementor-section elementor-top-section elementor-element elementor-element-a9a3567 elementor-section-boxed elementor-section-height-default elementor-section-height-default\" data-id=\"a9a3567\" data-element_type=\"section\" data-e-type=\"section\" data-settings=\"{&quot;background_background&quot;:&quot;classic&quot;,&quot;shape_divider_bottom&quot;:&quot;waves&quot;}\">\n\t\t\t\t\t\t\t<div class=\"elementor-background-overlay\"><\/div>\n\t\t\t\t\t\t<div class=\"elementor-shape elementor-shape-bottom\" aria-hidden=\"true\" data-negative=\"false\">\n\t\t\t<svg xmlns=\"http:\/\/www.w3.org\/2000\/svg\" viewbox=\"0 0 1000 100\" preserveaspectratio=\"none\">\n\t<path class=\"elementor-shape-fill\" d=\"M421.9,6.5c22.6-2.5,51.5,0.4,75.5,5.3c23.6,4.9,70.9,23.5,100.5,35.7c75.8,32.2,133.7,44.5,192.6,49.7\tc23.6,2.1,48.7,3.5,103.4-2.5c54.7-6,106.2-25.6,106.2-25.6V0H0v30.3c0,0,72,32.6,158.4,30.5c39.2-0.7,92.8-6.7,134-22.4\tc21.2-8.1,52.2-18.2,79.7-24.2C399.3,7.9,411.6,7.5,421.9,6.5z\"\/>\n<\/svg>\t\t<\/div>\n\t\t\t\t\t<div class=\"elementor-container elementor-column-gap-no\">\n\t\t\t\t\t<div class=\"elementor-column elementor-col-100 elementor-top-column elementor-element elementor-element-ca8a5b3\" data-id=\"ca8a5b3\" data-element_type=\"column\" data-e-type=\"column\">\n\t\t\t<div class=\"elementor-widget-wrap elementor-element-populated\">\n\t\t\t\t\t\t<div class=\"elementor-element elementor-element-d7a50d6 elementor-widget__width-inherit elementor-widget elementor-widget-heading\" data-id=\"d7a50d6\" data-element_type=\"widget\" data-e-type=\"widget\" data-widget_type=\"heading.default\">\n\t\t\t\t<div class=\"elementor-widget-container\">\n\t\t\t\t\t<h2 class=\"elementor-heading-title elementor-size-default\">Our Policy on Quality, Food Safety, Occupational Health and Safety, Environment<\/h2>\t\t\t\t<\/div>\n\t\t\t\t<\/div>\n\t\t\t\t\t<\/div>\n\t\t<\/div>\n\t\t\t\t\t<\/div>\n\t\t<\/section>\n\t\t\t\t<section class=\"elementor-section elementor-top-section elementor-element elementor-element-6a9ea26 elementor-section-boxed elementor-section-height-default elementor-section-height-default\" data-id=\"6a9ea26\" data-element_type=\"section\" data-e-type=\"section\">\n\t\t\t\t\t\t<div class=\"elementor-container elementor-column-gap-default\">\n\t\t\t\t\t<div class=\"elementor-column elementor-col-100 elementor-top-column elementor-element elementor-element-ccbc12a\" data-id=\"ccbc12a\" data-element_type=\"column\" data-e-type=\"column\">\n\t\t\t<div class=\"elementor-widget-wrap elementor-element-populated\">\n\t\t\t\t\t\t<div class=\"elementor-element elementor-element-030e47a elementor-widget elementor-widget-text-editor\" data-id=\"030e47a\" data-element_type=\"widget\" data-e-type=\"widget\" data-widget_type=\"text-editor.default\">\n\t\t\t\t<div class=\"elementor-widget-container\">\n\t\t\t\t\t\t\t\t\t<p>Anako Yumurta, as a reliable, innovative, competitive, pioneer and leader company in the market in providing products and services in the egg and egg products sector, adopts the following as its quality, food safety, occupational health-safety, and environmental policy, and undertakes to work accordingly by providing access to all relevant parties.<\/p><p><img decoding=\"async\" class=\"wp-image-3495 alignleft\" src=\"https:\/\/www.anako.com.tr\/wp-content\/uploads\/2023\/02\/Untitled-1-01.svg\" alt=\"\" width=\"26\" height=\"26\" \/>To offer quality and reliable products in compliance with the current legislation and laws by keeping the customer focus and satisfaction at the forefront throughout the value chain,<\/p><p><img decoding=\"async\" class=\"wp-image-3495 alignleft\" src=\"https:\/\/www.anako.com.tr\/wp-content\/uploads\/2023\/02\/Untitled-1-01.svg\" alt=\"\" width=\"26\" height=\"26\" \/>To carry out continuous training activities to increase the knowledge and skill levels of the employees by adopting an educated and conscious employee approach at all levels,<\/p><p><img decoding=\"async\" class=\"wp-image-3495 alignleft\" src=\"https:\/\/www.anako.com.tr\/wp-content\/uploads\/2023\/02\/Untitled-1-01.svg\" alt=\"\" width=\"26\" height=\"26\" \/>To carefully select the source of our products with our supplier trainings and high experience, and to verify the adequacy of all our suppliers with effective monitoring and quality control in our production,<\/p><p><img decoding=\"async\" class=\"wp-image-3495 alignleft\" src=\"https:\/\/www.anako.com.tr\/wp-content\/uploads\/2023\/02\/Untitled-1-01.svg\" alt=\"\" width=\"26\" height=\"26\" \/>To manage the storage and shipping processes in a way that best preserves the unique features of the product,<\/p><p><img decoding=\"async\" class=\"wp-image-3495 alignleft\" src=\"https:\/\/www.anako.com.tr\/wp-content\/uploads\/2023\/02\/Untitled-1-01.svg\" alt=\"\" width=\"26\" height=\"26\" \/>While increasing the quality of our products and activities, to keep under control and minimize the possible significant effects of our activities on the environment and human health,<\/p><p style=\"text-align: left;\"><img decoding=\"async\" class=\"wp-image-3495 alignleft\" src=\"https:\/\/www.anako.com.tr\/wp-content\/uploads\/2023\/02\/Untitled-1-01.svg\" alt=\"\" width=\"26\" height=\"26\" \/>To provide the necessary human, technology, and financial resources for the efficient use of natural resources and energy, in line with our sustainability principle, adhering to universal values,<\/p><p style=\"text-align: left;\"><img decoding=\"async\" class=\"wp-image-3495 alignleft\" src=\"https:\/\/www.anako.com.tr\/wp-content\/uploads\/2023\/02\/Untitled-1-01.svg\" alt=\"\" width=\"26\" height=\"26\" \/>To ensure that occupational diseases and work accidents do not occur or be minimized by evaluating all risks regarding occupational health and safety with the participation of all employees,<\/p><p style=\"text-align: left;\"><img decoding=\"async\" class=\"wp-image-3495 alignleft\" src=\"https:\/\/www.anako.com.tr\/wp-content\/uploads\/2023\/02\/Untitled-1-01.svg\" alt=\"\" width=\"26\" height=\"26\" \/>To create work areas where our employees can work safely, comfortably, and happily,<\/p><p style=\"text-align: left;\"><img decoding=\"async\" class=\"wp-image-3495 alignleft\" src=\"https:\/\/www.anako.com.tr\/wp-content\/uploads\/2023\/02\/Untitled-1-01.svg\" alt=\"\" width=\"26\" height=\"26\" \/>To always keep food safety at the highest level by adhering to our values,<\/p><p style=\"text-align: left;\"><img decoding=\"async\" class=\"wp-image-3495 alignleft\" src=\"https:\/\/www.anako.com.tr\/wp-content\/uploads\/2023\/02\/Untitled-1-01.svg\" alt=\"\" width=\"26\" height=\"26\" \/>To develop all our processes, especially production, by following the technology closely,<\/p><p><img decoding=\"async\" class=\"wp-image-3495 alignleft\" src=\"https:\/\/www.anako.com.tr\/wp-content\/uploads\/2023\/02\/Untitled-1-01.svg\" alt=\"\" width=\"26\" height=\"26\" \/>To create food safety awareness throughout the value chain by communicating effectively with all our stakeholders, especially our suppliers, customers, and dealers,<\/p><p style=\"text-align: left;\"><img decoding=\"async\" class=\"wp-image-3495 alignleft\" src=\"https:\/\/www.anako.com.tr\/wp-content\/uploads\/2023\/02\/Untitled-1-01.svg\" alt=\"\" width=\"26\" height=\"26\" \/>To continuously develop and improve our quality and food safety management system with the participation of all our employees.<\/p><p>Kalite, g\u0131da g\u00fcvenli\u011fi, i\u015f sa\u011fl\u0131\u011f\u0131-g\u00fcvenli\u011fi ve \u00e7evre politikas\u0131 olarak benimsiyor ve ilgili t\u00fcm taraflara eri\u015fimini sa\u011flayarak, buna uygun \u00e7al\u0131\u015fmay\u0131 taahh\u00fct ediyoruz.<\/p>\t\t\t\t\t\t\t\t<\/div>\n\t\t\t\t<\/div>\n\t\t\t\t\t<\/div>\n\t\t<\/div>\n\t\t\t\t\t<\/div>\n\t\t<\/section>\n\t\t\t\t<\/div>","protected":false},"excerpt":{"rendered":"<p>Kalite, G\u0131da G\u00fcvenli\u011fi, \u0130\u015f Sa\u011fl\u0131\u011f\u0131 G\u00fcvenli\u011fi ve \u00c7evre Politikam\u0131z Anako Yumurta,\u00a0yumurta ve \u00fcr\u00fcnleri sekt\u00f6r\u00fcnde, \u00fcr\u00fcn ve hizmet sa\u011flamada g\u00fcvenilir, yenilik\u00e7i, rekabet\u00e7i, pazarda \u00f6nc\u00fc ve lider bir kurulu\u015f olarak, M\u00fc\u015fteri oda\u011f\u0131n\u0131 ve memnuniyetini, de\u011fer zinciri boyunca \u00f6n planda tutarak, y\u00fcr\u00fcrl\u00fckteki mevzuat ve yasalara uygun, kaliteli ve g\u00fcvenilir \u00fcr\u00fcnler sunmay\u0131, Her kademede e\u011fitimli ve bilin\u00e7li personel yakla\u015f\u0131m\u0131n\u0131 &hellip; <\/p>\n<p class=\"link-more\"><a href=\"https:\/\/www.anako.com.tr\/en\/our-policy-on-quality-food-safety-occupational-health-and-safety-environment\/\" class=\"more-link\">Continue reading<span class=\"screen-reader-text\"> &#8220;Our Policy on Quality, Food Safety, Occupational Health and Safety, Environment&#8221;<\/span><\/a><\/p>","protected":false},"author":3,"featured_media":2620,"parent":0,"menu_order":0,"comment_status":"closed","ping_status":"closed","template":"elementor_header_footer","meta":{"om_disable_all_campaigns":false,"_monsterinsights_skip_tracking":false,"_monsterinsights_sitenote_active":false,"_monsterinsights_sitenote_note":"","_monsterinsights_sitenote_category":0,"_uf_show_specific_survey":0,"_uf_disable_surveys":false,"footnotes":""},"class_list":["post-4717","page","type-page","status-publish","has-post-thumbnail","hentry"],"aioseo_notices":[],"_links":{"self":[{"href":"https:\/\/www.anako.com.tr\/en\/wp-json\/wp\/v2\/pages\/4717","targetHints":{"allow":["GET"]}}],"collection":[{"href":"https:\/\/www.anako.com.tr\/en\/wp-json\/wp\/v2\/pages"}],"about":[{"href":"https:\/\/www.anako.com.tr\/en\/wp-json\/wp\/v2\/types\/page"}],"author":[{"embeddable":true,"href":"https:\/\/www.anako.com.tr\/en\/wp-json\/wp\/v2\/users\/3"}],"replies":[{"embeddable":true,"href":"https:\/\/www.anako.com.tr\/en\/wp-json\/wp\/v2\/comments?post=4717"}],"version-history":[{"count":4,"href":"https:\/\/www.anako.com.tr\/en\/wp-json\/wp\/v2\/pages\/4717\/revisions"}],"predecessor-version":[{"id":4743,"href":"https:\/\/www.anako.com.tr\/en\/wp-json\/wp\/v2\/pages\/4717\/revisions\/4743"}],"wp:featuredmedia":[{"embeddable":true,"href":"https:\/\/www.anako.com.tr\/en\/wp-json\/wp\/v2\/media\/2620"}],"wp:attachment":[{"href":"https:\/\/www.anako.com.tr\/en\/wp-json\/wp\/v2\/media?parent=4717"}],"curies":[{"name":"wp","href":"https:\/\/api.w.org\/{rel}","templated":true}]}}