{"id":517,"date":"2021-10-04T10:10:26","date_gmt":"2021-10-04T07:10:26","guid":{"rendered":"https:\/\/anako2.internetbilir.com\/?page_id=517"},"modified":"2023-08-01T23:13:10","modified_gmt":"2023-08-01T20:13:10","slug":"yumurta-kabugu-tozu-2","status":"publish","type":"page","link":"https:\/\/www.anako.com.tr\/en\/yumurta-kabugu-tozu-2\/","title":{"rendered":"Egg Shell Powder"},"content":{"rendered":"<style>.elementor-517 .elementor-element.elementor-element-d0e4e9c > .elementor-container{max-width:1180px;}.elementor-517 .elementor-element.elementor-element-d0e4e9c > .elementor-background-overlay{opacity:0.6;transition:background 0.3s, border-radius 0.3s, opacity 0.3s;}.elementor-517 .elementor-element.elementor-element-d0e4e9c{transition:background 0.3s, border 0.3s, border-radius 0.3s, box-shadow 0.3s;padding:130px 0px 130px 0px;}.elementor-517 .elementor-element.elementor-element-d0e4e9c > .elementor-shape-bottom .elementor-shape-fill{fill:#F7A600;}.elementor-517 .elementor-element.elementor-element-d0e4e9c > .elementor-shape-bottom svg{width:calc(154% + 1.3px);height:134px;}.elementor-517 .elementor-element.elementor-element-7894ab9 .elementor-heading-title{font-family:\"produkt\";font-size:37px;font-weight:800;line-height:1em;letter-spacing:2.6px;color:#F7A600;}.elementor-517 .elementor-element.elementor-element-7894ab9 > .elementor-widget-container{margin:-20px 0px 2px 16px;padding:0px 0px 0px 0px;}.elementor-517 .elementor-element.elementor-element-7894ab9{width:100%;max-width:100%;align-self:flex-start;}.elementor-517 .elementor-element.elementor-element-e11826f{color:#FFFFFF;}.elementor-517 .elementor-element.elementor-element-eb831cb{margin-top:20px;margin-bottom:0px;}.elementor-bc-flex-widget .elementor-517 .elementor-element.elementor-element-7cc0e37.elementor-column .elementor-widget-wrap{align-items:center;}.elementor-517 .elementor-element.elementor-element-7cc0e37.elementor-column.elementor-element[data-element_type=\"column\"] > .elementor-widget-wrap.elementor-element-populated{align-content:center;align-items:center;}.elementor-517 .elementor-element.elementor-element-7cc0e37 > .elementor-widget-wrap > .elementor-widget:not(.elementor-widget__width-auto):not(.elementor-widget__width-initial):not(:last-child):not(.elementor-absolute){margin-block-end:1px;}.elementor-517 .elementor-element.elementor-element-84f0c96{font-family:\"Ubuntu\";font-size:18px;font-weight:500;color:#4F4F4F;}.elementor-517 .elementor-element.elementor-element-84f0c96 > .elementor-widget-container{margin:0px 0px 16px 0px;padding:-9px 0px -4px 0px;}.elementor-517 .elementor-element.elementor-element-0b200a0 .elementor-heading-title{color:#000000;}.elementor-517 .elementor-element.elementor-element-0b200a0 > .elementor-widget-container{margin:-25px 0px 0px 0px;}.elementor-517 .elementor-element.elementor-element-bce5615 > .elementor-widget-container{margin:0px -3px -3px -3px;padding:4px 0px -6px 0px;}.elementor-517 .elementor-element.elementor-element-bce5615:not( .elementor-widget-image ) .elementor-widget-container, .elementor-517 .elementor-element.elementor-element-bce5615.elementor-widget-image .elementor-widget-container img{-webkit-mask-image:url( https:\/\/www.anako.com.tr\/wp-content\/plugins\/elementor\/assets\/mask-shapes\/circle.svg );-webkit-mask-size:contain;-webkit-mask-position:center center;-webkit-mask-repeat:no-repeat;}.elementor-517 .elementor-element.elementor-element-1fdf691 .elementor-heading-title{font-family:\"produkt\";font-size:25px;color:#F7A600;}.elementor-517 .elementor-element.elementor-element-7651e55 .elementor-progress-wrapper .elementor-progress-bar{background-color:#F7A600;}.elementor-517 .elementor-element.elementor-element-7651e55 .elementor-progress-bar{height:4px;line-height:4px;}.elementor-517 .elementor-element.elementor-element-2cc973c{font-family:\"Ubuntu\";}.elementor-517 .elementor-element.elementor-element-2cc973c > .elementor-widget-container{margin:0px 0px 17px 0px;padding:0px 0px 10px 0px;}.elementor-517 .elementor-element.elementor-element-8947c51 .elementor-heading-title{font-family:\"produkt\";font-size:25px;color:#F7A600;}.elementor-517 .elementor-element.elementor-element-e0c88a4 .elementor-progress-wrapper .elementor-progress-bar{background-color:#F7A600;}.elementor-517 .elementor-element.elementor-element-e0c88a4 .elementor-progress-bar{height:4px;line-height:4px;}.elementor-517 .elementor-element.elementor-element-8d98ea9{font-family:\"Ubuntu\";}.elementor-517 .elementor-element.elementor-element-8d98ea9 > .elementor-widget-container{margin:0px 0px 0px 0px;padding:0px 0px 10px 0px;}.elementor-517 .elementor-element.elementor-element-8e86fbe .elementor-heading-title{font-family:\"produkt\";font-size:25px;color:#F7A600;}.elementor-517 .elementor-element.elementor-element-dd51d71 .elementor-progress-wrapper .elementor-progress-bar{background-color:#F7A600;}.elementor-517 .elementor-element.elementor-element-dd51d71 .elementor-progress-bar{height:4px;line-height:4px;}.elementor-517 .elementor-element.elementor-element-214c6c7{font-family:\"Ubuntu\";}.elementor-517 .elementor-element.elementor-element-214c6c7 > .elementor-widget-container{margin:0px 0px 0px 0px;padding:0px 0px 10px 0px;}.elementor-517 .elementor-element.elementor-element-8664c02{--spacer-size:103px;}@media(min-width:768px){.elementor-517 .elementor-element.elementor-element-7cc0e37{width:53.86%;}.elementor-517 .elementor-element.elementor-element-cdff62b{width:46.096%;}}@media(max-width:1024px){.elementor-517 .elementor-element.elementor-element-6511035 > .elementor-element-populated{margin:0px 0px 0px 0px;--e-column-margin-right:0px;--e-column-margin-left:0px;padding:0px 0px 0px 10px;}}@media(max-width:767px){.elementor-517 .elementor-element.elementor-element-d0e4e9c > .elementor-shape-bottom svg{width:calc(166% + 1.3px);height:68px;}.elementor-517 .elementor-element.elementor-element-7894ab9 .elementor-heading-title{font-size:38px;}.elementor-517 .elementor-element.elementor-element-bba5674{margin-top:48px;margin-bottom:0px;}}\/* Start custom CSS *\/.elementor-274 .elementor-element.elementor-element-4f3072aa .jeg-elementor-kit.jkit-icon-box .jkit-icon-box-wrapper {\r\n    text-align: center;\r\n    background-color: #F7A600;\r\n    padding: 50px 50px 24px 50px !important;\r\n    border-style: solid;\r\n    border-width: 0px 0px 0px 0px;\r\n    border-radius: 5px 5px 5px 5px;\r\n}\r\n.elementor-274 .elementor-element.elementor-element-4f3072aa .jeg-elementor-kit.jkit-icon-box .title {\r\n    margin: -36px 16px 24px 0px;\r\n    padding: 0px 0px 0px 0px;\r\n    color: #FFFFFF;\r\n    font-family: var( --e-global-typography-fe92d12-font-family ), Sans-serif;\r\n    font-size: var( --e-global-typography-fe92d12-font-size );\r\n    font-weight: var( --e-global-typography-fe92d12-font-weight );\r\n    line-height: var( --e-global-typography-fe92d12-line-height );\r\n    letter-spacing: var( --e-global-typography-fe92d12-letter-spacing );\r\n}\r\n.fa-egg:before {\r\n    content: \"\\f7fb\";\r\n    left: 5px !important;\r\n    margin-left: -22px;\r\n}\r\n.elementor-274 .elementor-element.elementor-element-4f3072aa .jeg-elementor-kit.jkit-icon-box .jkit-icon-box-wrapper {\r\n    text-align: center;\r\n    background-color: #fff;\r\n    padding: 50px 50px 24px 50px !important;\r\n    border-style: solid;\r\n    border-width: 0px 0px 0px 0px;\r\n    border-radius: 5px 5px 5px 5px;\r\n}\r\n.elementor-274 .elementor-element.elementor-element-4f3072aa .jeg-elementor-kit.jkit-icon-box .title {\r\n    margin: -36px 16px 24px 0px;\r\n    padding: 0px 0px 0px 0px;\r\n    color: #000;\r\n    font-family: var( --e-global-typography-fe92d12-font-family ), Sans-serif;\r\n    font-size: var( --e-global-typography-fe92d12-font-size );\r\n    font-weight: var( --e-global-typography-fe92d12-font-weight );\r\n    line-height: var( --e-global-typography-fe92d12-line-height );\r\n    letter-spacing: var( --e-global-typography-fe92d12-letter-spacing );\r\n}\r\n@media only screen and (min-width: 508px) {\r\n.elementor-274 .elementor-element.elementor-element-7960d71e {\r\n    width: 50%;\r\n    left: 102px !important;\r\n}\r\n}\r\n.elementor-kit-14 a:hover {\r\n    color: #f7a600 !important;\r\n}\/* End custom CSS *\/\n\/* Start Custom Fonts CSS *\/@font-face {\n\tfont-family: 'produkt';\n\tfont-style: normal;\n\tfont-weight: 800;\n\tfont-display: auto;\n\tsrc: url('https:\/\/www.anako.com.tr\/wp-content\/uploads\/2023\/02\/Produkt-Black-K.ttf') format('truetype');\n}\n@font-face {\n\tfont-family: 'produkt';\n\tfont-style: normal;\n\tfont-weight: 600;\n\tfont-display: auto;\n\tsrc: url('https:\/\/www.anako.com.tr\/wp-content\/uploads\/2023\/02\/Produkt-Bold.ttf') format('truetype');\n}\n@font-face {\n\tfont-family: 'produkt';\n\tfont-style: normal;\n\tfont-weight: 400;\n\tfont-display: auto;\n\tsrc: url('https:\/\/www.anako.com.tr\/wp-content\/uploads\/2023\/02\/Produkt-Semibold.ttf') format('truetype');\n}\n\/* End Custom Fonts CSS *\/<\/style>\t\t<div data-elementor-type=\"wp-page\" data-elementor-id=\"517\" class=\"elementor elementor-517\" data-elementor-post-type=\"page\">\n\t\t\t\t\t\t<section class=\"elementor-section elementor-top-section elementor-element elementor-element-d0e4e9c elementor-section-boxed elementor-section-height-default elementor-section-height-default\" data-id=\"d0e4e9c\" data-element_type=\"section\" data-e-type=\"section\" data-settings=\"{&quot;background_background&quot;:&quot;classic&quot;,&quot;shape_divider_bottom&quot;:&quot;waves&quot;}\">\n\t\t\t\t\t\t\t<div class=\"elementor-background-overlay\"><\/div>\n\t\t\t\t\t\t<div class=\"elementor-shape elementor-shape-bottom\" aria-hidden=\"true\" data-negative=\"false\">\n\t\t\t<svg xmlns=\"http:\/\/www.w3.org\/2000\/svg\" viewbox=\"0 0 1000 100\" preserveaspectratio=\"none\">\n\t<path class=\"elementor-shape-fill\" d=\"M421.9,6.5c22.6-2.5,51.5,0.4,75.5,5.3c23.6,4.9,70.9,23.5,100.5,35.7c75.8,32.2,133.7,44.5,192.6,49.7\tc23.6,2.1,48.7,3.5,103.4-2.5c54.7-6,106.2-25.6,106.2-25.6V0H0v30.3c0,0,72,32.6,158.4,30.5c39.2-0.7,92.8-6.7,134-22.4\tc21.2-8.1,52.2-18.2,79.7-24.2C399.3,7.9,411.6,7.5,421.9,6.5z\"\/>\n<\/svg>\t\t<\/div>\n\t\t\t\t\t<div class=\"elementor-container elementor-column-gap-no\">\n\t\t\t\t\t<div class=\"elementor-column elementor-col-100 elementor-top-column elementor-element elementor-element-6511035\" data-id=\"6511035\" data-element_type=\"column\" data-e-type=\"column\">\n\t\t\t<div class=\"elementor-widget-wrap elementor-element-populated\">\n\t\t\t\t\t\t<div class=\"elementor-element elementor-element-7894ab9 elementor-widget__width-inherit elementor-widget elementor-widget-heading\" data-id=\"7894ab9\" data-element_type=\"widget\" data-e-type=\"widget\" data-widget_type=\"heading.default\">\n\t\t\t\t<div class=\"elementor-widget-container\">\n\t\t\t\t\t<h2 class=\"elementor-heading-title elementor-size-default\">Egg Shell Powder<\/h2>\t\t\t\t<\/div>\n\t\t\t\t<\/div>\n\t\t\t\t\t<\/div>\n\t\t<\/div>\n\t\t\t\t\t<\/div>\n\t\t<\/section>\n\t\t\t\t<section class=\"elementor-section elementor-top-section elementor-element elementor-element-238aa40 elementor-section-boxed elementor-section-height-default elementor-section-height-default\" data-id=\"238aa40\" data-element_type=\"section\" data-e-type=\"section\">\n\t\t\t\t\t\t<div class=\"elementor-container elementor-column-gap-default\">\n\t\t\t\t\t<div class=\"elementor-column elementor-col-100 elementor-top-column elementor-element elementor-element-729758d\" data-id=\"729758d\" data-element_type=\"column\" data-e-type=\"column\">\n\t\t\t<div class=\"elementor-widget-wrap elementor-element-populated\">\n\t\t\t\t\t\t<div class=\"elementor-element elementor-element-e11826f elementor-widget elementor-widget-text-editor\" data-id=\"e11826f\" data-element_type=\"widget\" data-e-type=\"widget\" data-widget_type=\"text-editor.default\">\n\t\t\t\t<div class=\"elementor-widget-container\">\n\t\t\t\t\t\t\t\t\t<p>Yumurta Kabu\u011fu Tozu D\u00f6ng\u00fcsel ekonomiye katk\u0131 sa\u011flamak amac\u0131 ile, i\u015fledi\u011fimiz yumurtalar\u0131n kabuklar\u0131n\u0131 \u0131s\u0131l i\u015fleme tabi tutarak elde etti\u011fimiz organik bir \u00fcr\u00fcnd\u00fcr.<\/p>\t\t\t\t\t\t\t\t<\/div>\n\t\t\t\t<\/div>\n\t\t\t\t\t<\/div>\n\t\t<\/div>\n\t\t\t\t\t<\/div>\n\t\t<\/section>\n\t\t\t\t<section class=\"elementor-section elementor-top-section elementor-element elementor-element-eb831cb elementor-section-boxed elementor-section-height-default elementor-section-height-default\" data-id=\"eb831cb\" data-element_type=\"section\" data-e-type=\"section\">\n\t\t\t\t\t\t<div class=\"elementor-container elementor-column-gap-default\">\n\t\t\t\t\t<div class=\"elementor-column elementor-col-50 elementor-top-column elementor-element elementor-element-7cc0e37\" data-id=\"7cc0e37\" data-element_type=\"column\" data-e-type=\"column\">\n\t\t\t<div class=\"elementor-widget-wrap elementor-element-populated\">\n\t\t\t\t\t\t<div class=\"elementor-element elementor-element-84f0c96 elementor-widget elementor-widget-text-editor\" data-id=\"84f0c96\" data-element_type=\"widget\" data-e-type=\"widget\" data-widget_type=\"text-editor.default\">\n\t\t\t\t<div class=\"elementor-widget-container\">\n\t\t\t\t\t\t\t\t\t<h6><\/h6>\nIt is an organic product that obtain by heating and processing of the shells of the eggs we process, in order to contribute to the circular economy. \t\t\t\t\t\t\t\t<\/div>\n\t\t\t\t<\/div>\n\t\t\t\t\t<\/div>\n\t\t<\/div>\n\t\t\t\t<div class=\"elementor-column elementor-col-50 elementor-top-column elementor-element elementor-element-cdff62b\" data-id=\"cdff62b\" data-element_type=\"column\" data-e-type=\"column\">\n\t\t\t<div class=\"elementor-widget-wrap elementor-element-populated\">\n\t\t\t\t\t\t<div class=\"elementor-element elementor-element-bce5615 elementor-invisible elementor-widget elementor-widget-image\" data-id=\"bce5615\" data-element_type=\"widget\" data-e-type=\"widget\" data-settings=\"{&quot;motion_fx_motion_fx_mouse&quot;:&quot;yes&quot;,&quot;_animation&quot;:&quot;slideInRight&quot;}\" data-widget_type=\"image.default\">\n\t\t\t\t<div class=\"elementor-widget-container\">\n\t\t\t\t\t\t\t\t\t\t\t\t\t\t\t<img fetchpriority=\"high\" decoding=\"async\" width=\"800\" height=\"533\" src=\"https:\/\/www.anako.com.tr\/wp-content\/uploads\/2021\/11\/Yumurta-Kabug\u0306u-Tozu.jpg\" class=\"attachment-full size-full wp-image-1415\" alt=\"Egg Shell Powder\" srcset=\"https:\/\/www.anako.com.tr\/wp-content\/uploads\/2021\/11\/Yumurta-Kabug\u0306u-Tozu.jpg 800w, https:\/\/www.anako.com.tr\/wp-content\/uploads\/2021\/11\/Yumurta-Kabug\u0306u-Tozu-300x200.jpg 300w, https:\/\/www.anako.com.tr\/wp-content\/uploads\/2021\/11\/Yumurta-Kabug\u0306u-Tozu-768x512.jpg 768w, https:\/\/www.anako.com.tr\/wp-content\/uploads\/2021\/11\/Yumurta-Kabug\u0306u-Tozu-18x12.jpg 18w\" sizes=\"100vw\" \/>\t\t\t\t\t\t\t\t\t\t\t\t\t\t\t<\/div>\n\t\t\t\t<\/div>\n\t\t\t\t\t<\/div>\n\t\t<\/div>\n\t\t\t\t\t<\/div>\n\t\t<\/section>\n\t\t\t\t<section class=\"elementor-section elementor-top-section elementor-element elementor-element-bba5674 elementor-section-boxed elementor-section-height-default elementor-section-height-default\" data-id=\"bba5674\" data-element_type=\"section\" data-e-type=\"section\">\n\t\t\t\t\t\t<div class=\"elementor-container elementor-column-gap-default\">\n\t\t\t\t\t<div class=\"elementor-column elementor-col-100 elementor-top-column elementor-element elementor-element-4e9c439\" data-id=\"4e9c439\" data-element_type=\"column\" data-e-type=\"column\">\n\t\t\t<div class=\"elementor-widget-wrap elementor-element-populated\">\n\t\t\t\t\t\t<div class=\"elementor-element elementor-element-1fdf691 elementor-widget elementor-widget-heading\" data-id=\"1fdf691\" data-element_type=\"widget\" data-e-type=\"widget\" data-widget_type=\"heading.default\">\n\t\t\t\t<div class=\"elementor-widget-container\">\n\t\t\t\t\t<h2 class=\"elementor-heading-title elementor-size-default\">Properties<\/h2>\t\t\t\t<\/div>\n\t\t\t\t<\/div>\n\t\t\t\t<div class=\"elementor-element elementor-element-7651e55 elementor-widget elementor-widget-progress\" data-id=\"7651e55\" data-element_type=\"widget\" data-e-type=\"widget\" data-widget_type=\"progress.default\">\n\t\t\t\t<div class=\"elementor-widget-container\">\n\t\t\t\t\t\n\t\t<div class=\"elementor-progress-wrapper\" role=\"progressbar\" aria-valuemin=\"0\" aria-valuemax=\"100\" aria-valuenow=\"100\">\n\t\t\t<div class=\"elementor-progress-bar\" data-max=\"100\">\n\t\t\t\t<span class=\"elementor-progress-text\"><\/span>\n\t\t\t\t\t\t\t<\/div>\n\t\t<\/div>\n\t\t\t\t\t\t<\/div>\n\t\t\t\t<\/div>\n\t\t\t\t<div class=\"elementor-element elementor-element-2cc973c elementor-widget elementor-widget-text-editor\" data-id=\"2cc973c\" data-element_type=\"widget\" data-e-type=\"widget\" data-widget_type=\"text-editor.default\">\n\t\t\t\t<div class=\"elementor-widget-container\">\n\t\t\t\t\t\t\t\t\t<p><img decoding=\"async\" class=\"wp-image-3495 alignleft\" src=\"https:\/\/www.anako.com.tr\/wp-content\/uploads\/2023\/02\/Untitled-1-01.svg\" alt=\"\" width=\"24\" height=\"24\" \/>Its bioavailability is over 95%.<\/p><p><img decoding=\"async\" class=\"wp-image-3495 alignleft\" src=\"https:\/\/www.anako.com.tr\/wp-content\/uploads\/2023\/02\/Untitled-1-01.svg\" alt=\"\" width=\"24\" height=\"24\" \/>Its an organic calcium source.<\/p><p><img decoding=\"async\" class=\"wp-image-3495 alignleft\" src=\"https:\/\/www.anako.com.tr\/wp-content\/uploads\/2023\/02\/Untitled-1-01.svg\" alt=\"\" width=\"24\" height=\"24\" \/>It has rich organic mineral content.<\/p><p><img decoding=\"async\" class=\"wp-image-3495 alignleft\" src=\"https:\/\/www.anako.com.tr\/wp-content\/uploads\/2023\/02\/Untitled-1-01.svg\" alt=\"\" width=\"24\" height=\"24\" \/>It has a buffering effect.<\/p>\t\t\t\t\t\t\t\t<\/div>\n\t\t\t\t<\/div>\n\t\t\t\t<div class=\"elementor-element elementor-element-8947c51 elementor-widget elementor-widget-heading\" data-id=\"8947c51\" data-element_type=\"widget\" data-e-type=\"widget\" data-widget_type=\"heading.default\">\n\t\t\t\t<div class=\"elementor-widget-container\">\n\t\t\t\t\t<h2 class=\"elementor-heading-title elementor-size-default\">Process<\/h2>\t\t\t\t<\/div>\n\t\t\t\t<\/div>\n\t\t\t\t<div class=\"elementor-element elementor-element-e0c88a4 elementor-widget elementor-widget-progress\" data-id=\"e0c88a4\" data-element_type=\"widget\" data-e-type=\"widget\" data-widget_type=\"progress.default\">\n\t\t\t\t<div class=\"elementor-widget-container\">\n\t\t\t\t\t\n\t\t<div class=\"elementor-progress-wrapper\" role=\"progressbar\" aria-valuemin=\"0\" aria-valuemax=\"100\" aria-valuenow=\"100\">\n\t\t\t<div class=\"elementor-progress-bar\" data-max=\"100\">\n\t\t\t\t<span class=\"elementor-progress-text\"><\/span>\n\t\t\t\t\t\t\t<\/div>\n\t\t<\/div>\n\t\t\t\t\t\t<\/div>\n\t\t\t\t<\/div>\n\t\t\t\t<div class=\"elementor-element elementor-element-8d98ea9 elementor-widget elementor-widget-text-editor\" data-id=\"8d98ea9\" data-element_type=\"widget\" data-e-type=\"widget\" data-widget_type=\"text-editor.default\">\n\t\t\t\t<div class=\"elementor-widget-container\">\n\t\t\t\t\t\t\t\t\t<p><img decoding=\"async\" class=\"wp-image-3495 alignleft\" src=\"https:\/\/www.anako.com.tr\/wp-content\/uploads\/2023\/02\/Untitled-1-01.svg\" alt=\"\" width=\"24\" height=\"24\" \/>The shells of the eggs used in the production of pasteurised liquid eggs are transported to the drying unit with the help of a screw.<\/p><p><img decoding=\"async\" class=\"wp-image-3495 alignleft\" src=\"https:\/\/www.anako.com.tr\/wp-content\/uploads\/2023\/02\/Untitled-1-01.svg\" alt=\"\" width=\"24\" height=\"24\" \/>The transported shells are dried in the drying tunnel with the help of heat.<\/p><p><img decoding=\"async\" class=\"wp-image-3495 alignleft\" src=\"https:\/\/www.anako.com.tr\/wp-content\/uploads\/2023\/02\/Untitled-1-01.svg\" alt=\"\" width=\"24\" height=\"24\" \/>The egg shell is purified from harmful microorganisms by heating it.<\/p><p><img decoding=\"async\" class=\"wp-image-3495 alignleft\" src=\"https:\/\/www.anako.com.tr\/wp-content\/uploads\/2023\/02\/Untitled-1-01.svg\" alt=\"\" width=\"24\" height=\"24\" \/>Dried egg shells are sieved and packaged.<\/p>\t\t\t\t\t\t\t\t<\/div>\n\t\t\t\t<\/div>\n\t\t\t\t<div class=\"elementor-element elementor-element-8e86fbe elementor-widget elementor-widget-heading\" data-id=\"8e86fbe\" data-element_type=\"widget\" data-e-type=\"widget\" data-widget_type=\"heading.default\">\n\t\t\t\t<div class=\"elementor-widget-container\">\n\t\t\t\t\t<h2 class=\"elementor-heading-title elementor-size-default\">Applications<\/h2>\t\t\t\t<\/div>\n\t\t\t\t<\/div>\n\t\t\t\t<div class=\"elementor-element elementor-element-dd51d71 elementor-widget elementor-widget-progress\" data-id=\"dd51d71\" data-element_type=\"widget\" data-e-type=\"widget\" data-widget_type=\"progress.default\">\n\t\t\t\t<div class=\"elementor-widget-container\">\n\t\t\t\t\t\n\t\t<div class=\"elementor-progress-wrapper\" role=\"progressbar\" aria-valuemin=\"0\" aria-valuemax=\"100\" aria-valuenow=\"100\">\n\t\t\t<div class=\"elementor-progress-bar\" data-max=\"100\">\n\t\t\t\t<span class=\"elementor-progress-text\"><\/span>\n\t\t\t\t\t\t\t<\/div>\n\t\t<\/div>\n\t\t\t\t\t\t<\/div>\n\t\t\t\t<\/div>\n\t\t\t\t<div class=\"elementor-element elementor-element-214c6c7 elementor-widget elementor-widget-text-editor\" data-id=\"214c6c7\" data-element_type=\"widget\" data-e-type=\"widget\" data-widget_type=\"text-editor.default\">\n\t\t\t\t<div class=\"elementor-widget-container\">\n\t\t\t\t\t\t\t\t\t<p><img decoding=\"async\" class=\"wp-image-3495 alignleft\" src=\"https:\/\/www.anako.com.tr\/wp-content\/uploads\/2023\/02\/Untitled-1-01.svg\" alt=\"\" width=\"24\" height=\"24\" \/>Nutritional supplement for dairy cattle, beef cattle and poultry<\/p><p><img decoding=\"async\" class=\"wp-image-3495 alignleft\" src=\"https:\/\/www.anako.com.tr\/wp-content\/uploads\/2023\/02\/Untitled-1-01.svg\" alt=\"\" width=\"24\" height=\"24\" \/>Protein source in pet foods.<\/p><p><img decoding=\"async\" class=\"wp-image-3495 alignleft\" src=\"https:\/\/www.anako.com.tr\/wp-content\/uploads\/2023\/02\/Untitled-1-01.svg\" alt=\"\" width=\"24\" height=\"24\" \/>In angling for its excellent tying and durability feature<\/p><p><img decoding=\"async\" class=\"wp-image-3495 alignleft\" src=\"https:\/\/www.anako.com.tr\/wp-content\/uploads\/2023\/02\/Untitled-1-01.svg\" alt=\"\" width=\"24\" height=\"24\" \/>Organic mineral source for egzotic animals<\/p><p><img decoding=\"async\" class=\"wp-image-3495 alignleft\" src=\"https:\/\/www.anako.com.tr\/wp-content\/uploads\/2023\/02\/Untitled-1-01.svg\" alt=\"\" width=\"24\" height=\"24\" \/>In agricultural production for soil fertility<\/p><p><img decoding=\"async\" class=\"wp-image-3495 alignleft\" src=\"https:\/\/www.anako.com.tr\/wp-content\/uploads\/2023\/02\/Untitled-1-01.svg\" alt=\"\" width=\"24\" height=\"24\" \/>In plastic and durable consumer industry as bioplastic<\/p>\t\t\t\t\t\t\t\t<\/div>\n\t\t\t\t<\/div>\n\t\t\t\t\t<\/div>\n\t\t<\/div>\n\t\t\t\t\t<\/div>\n\t\t<\/section>\n\t\t\t\t<section class=\"elementor-section elementor-top-section elementor-element elementor-element-370bce6 elementor-section-boxed elementor-section-height-default elementor-section-height-default\" data-id=\"370bce6\" data-element_type=\"section\" data-e-type=\"section\">\n\t\t\t\t\t\t<div class=\"elementor-container elementor-column-gap-default\">\n\t\t\t\t\t<div class=\"elementor-column elementor-col-100 elementor-top-column elementor-element elementor-element-fa690fe\" data-id=\"fa690fe\" data-element_type=\"column\" data-e-type=\"column\">\n\t\t\t<div class=\"elementor-widget-wrap elementor-element-populated\">\n\t\t\t\t\t\t<div class=\"elementor-element elementor-element-8664c02 elementor-widget elementor-widget-spacer\" data-id=\"8664c02\" data-element_type=\"widget\" data-e-type=\"widget\" data-widget_type=\"spacer.default\">\n\t\t\t\t<div class=\"elementor-widget-container\">\n\t\t\t\t\t\t\t<div class=\"elementor-spacer\">\n\t\t\t<div class=\"elementor-spacer-inner\"><\/div>\n\t\t<\/div>\n\t\t\t\t\t\t<\/div>\n\t\t\t\t<\/div>\n\t\t\t\t\t<\/div>\n\t\t<\/div>\n\t\t\t\t\t<\/div>\n\t\t<\/section>\n\t\t\t\t<\/div>","protected":false},"excerpt":{"rendered":"<p>Yumurta Kabu\u011fu Tozu Yumurta Kabu\u011fu Tozu D\u00f6ng\u00fcsel ekonomiye katk\u0131 sa\u011flamak amac\u0131 ile, i\u015fledi\u011fimiz yumurtalar\u0131n kabuklar\u0131n\u0131 \u0131s\u0131l i\u015fleme tabi tutarak elde etti\u011fimiz organik bir \u00fcr\u00fcnd\u00fcr. D\u00f6ng\u00fcsel ekonomiye katk\u0131 sa\u011flamak amac\u0131 ile, i\u015fledi\u011fimiz yumurtalar\u0131n kabuklar\u0131n\u0131 \u0131s\u0131l i\u015fleme tabi tutarak elde etti\u011fimiz organik bir \u00fcr\u00fcnd\u00fcr. \u00dcr\u00fcn \u00d6zellikleri Biyoyararlan\u0131m\u0131 %95\u2019in \u00fczerindedir. Organik kalsiyum kayna\u011f\u0131d\u0131r. Zengin organik mineral i\u00e7eri\u011fine sahiptir. &hellip; <\/p>\n<p class=\"link-more\"><a href=\"https:\/\/www.anako.com.tr\/en\/yumurta-kabugu-tozu-2\/\" class=\"more-link\">Continue reading<span class=\"screen-reader-text\"> &#8220;Yumurta Kabu\u011fu Tozu&#8221;<\/span><\/a><\/p>","protected":false},"author":3,"featured_media":0,"parent":0,"menu_order":0,"comment_status":"closed","ping_status":"closed","template":"elementor_header_footer","meta":{"om_disable_all_campaigns":false,"_monsterinsights_skip_tracking":false,"_monsterinsights_sitenote_active":false,"_monsterinsights_sitenote_note":"","_monsterinsights_sitenote_category":0,"_uf_show_specific_survey":0,"_uf_disable_surveys":false,"footnotes":""},"class_list":["post-517","page","type-page","status-publish","hentry"],"aioseo_notices":[],"_links":{"self":[{"href":"https:\/\/www.anako.com.tr\/en\/wp-json\/wp\/v2\/pages\/517","targetHints":{"allow":["GET"]}}],"collection":[{"href":"https:\/\/www.anako.com.tr\/en\/wp-json\/wp\/v2\/pages"}],"about":[{"href":"https:\/\/www.anako.com.tr\/en\/wp-json\/wp\/v2\/types\/page"}],"author":[{"embeddable":true,"href":"https:\/\/www.anako.com.tr\/en\/wp-json\/wp\/v2\/users\/3"}],"replies":[{"embeddable":true,"href":"https:\/\/www.anako.com.tr\/en\/wp-json\/wp\/v2\/comments?post=517"}],"version-history":[{"count":66,"href":"https:\/\/www.anako.com.tr\/en\/wp-json\/wp\/v2\/pages\/517\/revisions"}],"predecessor-version":[{"id":5354,"href":"https:\/\/www.anako.com.tr\/en\/wp-json\/wp\/v2\/pages\/517\/revisions\/5354"}],"wp:attachment":[{"href":"https:\/\/www.anako.com.tr\/en\/wp-json\/wp\/v2\/media?parent=517"}],"curies":[{"name":"wp","href":"https:\/\/api.w.org\/{rel}","templated":true}]}}