{"id":5272,"date":"2023-07-20T17:11:59","date_gmt":"2023-07-20T14:11:59","guid":{"rendered":"https:\/\/www.anako.com.tr\/?page_id=5272"},"modified":"2023-08-01T23:50:20","modified_gmt":"2023-08-01T20:50:20","slug":"calismalarimiz","status":"publish","type":"page","link":"https:\/\/www.anako.com.tr\/en\/calismalarimiz\/","title":{"rendered":"Our Activities"},"content":{"rendered":"<style>.elementor-5272 .elementor-element.elementor-element-cc74b62 > .elementor-container{max-width:1180px;}.elementor-5272 .elementor-element.elementor-element-cc74b62 > .elementor-background-overlay{opacity:0.6;transition:background 0.3s, border-radius 0.3s, opacity 0.3s;}.elementor-5272 .elementor-element.elementor-element-cc74b62{transition:background 0.3s, border 0.3s, border-radius 0.3s, box-shadow 0.3s;padding:130px 0px 130px 0px;}.elementor-5272 .elementor-element.elementor-element-cc74b62 > .elementor-shape-bottom .elementor-shape-fill{fill:#F7A600;}.elementor-5272 .elementor-element.elementor-element-cc74b62 > .elementor-shape-bottom svg{width:calc(154% + 1.3px);height:134px;}.elementor-5272 .elementor-element.elementor-element-162ca7c .elementor-heading-title{font-family:\"produkt\";font-size:37px;font-weight:800;line-height:1em;letter-spacing:2.6px;color:#F7A600;}.elementor-5272 .elementor-element.elementor-element-162ca7c > .elementor-widget-container{margin:50px 0px 2px 16px;padding:0px 0px 0px 0px;}.elementor-5272 .elementor-element.elementor-element-162ca7c{width:100%;max-width:100%;align-self:flex-start;}.elementor-5272 .elementor-element.elementor-element-dcfeefb{color:#FFFFFF;}.elementor-5272 .elementor-element.elementor-element-04196df .elementor-heading-title{color:#FFFFFF;}.elementor-5272 .elementor-element.elementor-element-c48f65a{margin-top:-16px;margin-bottom:0px;}.elementor-bc-flex-widget .elementor-5272 .elementor-element.elementor-element-6fd81f4.elementor-column .elementor-widget-wrap{align-items:center;}.elementor-5272 .elementor-element.elementor-element-6fd81f4.elementor-column.elementor-element[data-element_type=\"column\"] > .elementor-widget-wrap.elementor-element-populated{align-content:center;align-items:center;}.elementor-5272 .elementor-element.elementor-element-7a2373d{text-align:center;width:var( --container-widget-width, 121.881% );max-width:121.881%;--container-widget-width:121.881%;--container-widget-flex-grow:0;}.elementor-5272 .elementor-element.elementor-element-7a2373d img{transition-duration:1.4s;}.elementor-5272 .elementor-element.elementor-element-7a2373d > .elementor-widget-container{margin:-27px -27px -27px -27px;padding:0px 0px 0px 0px;}.elementor-5272 .elementor-element.elementor-element-d860fd3 .elementor-icon-wrapper{text-align:start;}.elementor-5272 .elementor-element.elementor-element-d860fd3.elementor-view-stacked .elementor-icon{background-color:#5dbccc;}.elementor-5272 .elementor-element.elementor-element-d860fd3.elementor-view-framed .elementor-icon, .elementor-5272 .elementor-element.elementor-element-d860fd3.elementor-view-default .elementor-icon{color:#5dbccc;border-color:#5dbccc;}.elementor-5272 .elementor-element.elementor-element-d860fd3.elementor-view-framed .elementor-icon, .elementor-5272 .elementor-element.elementor-element-d860fd3.elementor-view-default .elementor-icon svg{fill:#5dbccc;}.elementor-5272 .elementor-element.elementor-element-d860fd3 > .elementor-widget-container{margin:0px 0px -15px 0px;padding:0px 0px 0px 0px;}.elementor-5272 .elementor-element.elementor-element-2b1dca1 .elementor-heading-title{color:#5dbcca;}.elementor-5272 .elementor-element.elementor-element-2e0e838 .elementor-icon-wrapper{text-align:start;}.elementor-5272 .elementor-element.elementor-element-2e0e838.elementor-view-stacked .elementor-icon{background-color:#468493;}.elementor-5272 .elementor-element.elementor-element-2e0e838.elementor-view-framed .elementor-icon, .elementor-5272 .elementor-element.elementor-element-2e0e838.elementor-view-default .elementor-icon{color:#468493;border-color:#468493;}.elementor-5272 .elementor-element.elementor-element-2e0e838.elementor-view-framed .elementor-icon, .elementor-5272 .elementor-element.elementor-element-2e0e838.elementor-view-default .elementor-icon svg{fill:#468493;}.elementor-5272 .elementor-element.elementor-element-2e0e838 > .elementor-widget-container{margin:0px 0px -15px 0px;}.elementor-5272 .elementor-element.elementor-element-33e3650 .elementor-heading-title{color:#458493;}.elementor-5272 .elementor-element.elementor-element-8fa4493 .elementor-icon-wrapper{text-align:start;}.elementor-5272 .elementor-element.elementor-element-8fa4493.elementor-view-stacked .elementor-icon{background-color:#7abb7d;}.elementor-5272 .elementor-element.elementor-element-8fa4493.elementor-view-framed .elementor-icon, .elementor-5272 .elementor-element.elementor-element-8fa4493.elementor-view-default .elementor-icon{color:#7abb7d;border-color:#7abb7d;}.elementor-5272 .elementor-element.elementor-element-8fa4493.elementor-view-framed .elementor-icon, .elementor-5272 .elementor-element.elementor-element-8fa4493.elementor-view-default .elementor-icon svg{fill:#7abb7d;}.elementor-5272 .elementor-element.elementor-element-8fa4493 > .elementor-widget-container{margin:0px 0px -15px 0px;}.elementor-5272 .elementor-element.elementor-element-468b3a0 .elementor-heading-title{color:#7bbb7b;}@media(min-width:768px){.elementor-5272 .elementor-element.elementor-element-6fd81f4{width:52.578%;}.elementor-5272 .elementor-element.elementor-element-9dfd776{width:47.374%;}}@media(max-width:1024px){.elementor-5272 .elementor-element.elementor-element-3994eef > .elementor-element-populated{margin:0px 0px 0px 0px;--e-column-margin-right:0px;--e-column-margin-left:0px;padding:0px 0px 0px 10px;}}@media(max-width:767px){.elementor-5272 .elementor-element.elementor-element-cc74b62 > .elementor-shape-bottom svg{width:calc(166% + 1.3px);height:68px;}.elementor-5272 .elementor-element.elementor-element-162ca7c .elementor-heading-title{font-size:38px;letter-spacing:-0.5px;}.elementor-5272 .elementor-element.elementor-element-162ca7c > .elementor-widget-container{margin:0px 0px 0px 0px;}}\/* Start custom CSS *\/.elementor-274 .elementor-element.elementor-element-4f3072aa .jeg-elementor-kit.jkit-icon-box .jkit-icon-box-wrapper {\r\n    text-align: center;\r\n    background-color: #F7A600;\r\n    padding: 50px 50px 24px 50px !important;\r\n    border-style: solid;\r\n    border-width: 0px 0px 0px 0px;\r\n    border-radius: 5px 5px 5px 5px;\r\n}\r\n.elementor-274 .elementor-element.elementor-element-4f3072aa .jeg-elementor-kit.jkit-icon-box .title {\r\n    margin: -36px 16px 24px 0px;\r\n    padding: 0px 0px 0px 0px;\r\n    color: #FFFFFF;\r\n    font-family: var( --e-global-typography-fe92d12-font-family ), Sans-serif;\r\n    font-size: var( --e-global-typography-fe92d12-font-size );\r\n    font-weight: var( --e-global-typography-fe92d12-font-weight );\r\n    line-height: var( --e-global-typography-fe92d12-line-height );\r\n    letter-spacing: var( --e-global-typography-fe92d12-letter-spacing );\r\n}\r\n.fa-egg:before {\r\n    content: \"f7fb\";\r\n    left: 5px !important;\r\n    margin-left: -22px;\r\n}\r\n.elementor-274 .elementor-element.elementor-element-4f3072aa .jeg-elementor-kit.jkit-icon-box .jkit-icon-box-wrapper {\r\n    text-align: center;\r\n    background-color: #fff;\r\n    padding: 50px 50px 24px 50px !important;\r\n    border-style: solid;\r\n    border-width: 0px 0px 0px 0px;\r\n    border-radius: 5px 5px 5px 5px;\r\n}\r\n.elementor-274 .elementor-element.elementor-element-4f3072aa .jeg-elementor-kit.jkit-icon-box .title {\r\n    margin: -36px 16px 24px 0px;\r\n    padding: 0px 0px 0px 0px;\r\n    color: #000;\r\n    font-family: var( --e-global-typography-fe92d12-font-family ), Sans-serif;\r\n    font-size: var( --e-global-typography-fe92d12-font-size );\r\n    font-weight: var( --e-global-typography-fe92d12-font-weight );\r\n    line-height: var( --e-global-typography-fe92d12-line-height );\r\n    letter-spacing: var( --e-global-typography-fe92d12-letter-spacing );\r\n}\r\n@media only screen and (min-width: 508px) {\r\n.elementor-274 .elementor-element.elementor-element-7960d71e {\r\n    width: 50%;\r\n    left: 102px !important;\r\n}\r\n}\/* End custom CSS *\/\n\/* Start Custom Fonts CSS *\/@font-face {\n\tfont-family: 'produkt';\n\tfont-style: normal;\n\tfont-weight: 800;\n\tfont-display: auto;\n\tsrc: url('https:\/\/www.anako.com.tr\/wp-content\/uploads\/2023\/02\/Produkt-Black-K.ttf') format('truetype');\n}\n@font-face {\n\tfont-family: 'produkt';\n\tfont-style: normal;\n\tfont-weight: 600;\n\tfont-display: auto;\n\tsrc: url('https:\/\/www.anako.com.tr\/wp-content\/uploads\/2023\/02\/Produkt-Bold.ttf') format('truetype');\n}\n@font-face {\n\tfont-family: 'produkt';\n\tfont-style: normal;\n\tfont-weight: 400;\n\tfont-display: auto;\n\tsrc: url('https:\/\/www.anako.com.tr\/wp-content\/uploads\/2023\/02\/Produkt-Semibold.ttf') format('truetype');\n}\n\/* End Custom Fonts CSS *\/<\/style>\t\t<div data-elementor-type=\"wp-page\" data-elementor-id=\"5272\" class=\"elementor elementor-5272\" data-elementor-post-type=\"page\">\n\t\t\t\t\t\t<section class=\"elementor-section elementor-top-section elementor-element elementor-element-cc74b62 elementor-section-boxed elementor-section-height-default elementor-section-height-default\" data-id=\"cc74b62\" data-element_type=\"section\" data-e-type=\"section\" data-settings=\"{&quot;background_background&quot;:&quot;classic&quot;,&quot;shape_divider_bottom&quot;:&quot;waves&quot;}\">\n\t\t\t\t\t\t\t<div class=\"elementor-background-overlay\"><\/div>\n\t\t\t\t\t\t<div class=\"elementor-shape elementor-shape-bottom\" aria-hidden=\"true\" data-negative=\"false\">\n\t\t\t<svg xmlns=\"http:\/\/www.w3.org\/2000\/svg\" viewbox=\"0 0 1000 100\" preserveaspectratio=\"none\">\n\t<path class=\"elementor-shape-fill\" d=\"M421.9,6.5c22.6-2.5,51.5,0.4,75.5,5.3c23.6,4.9,70.9,23.5,100.5,35.7c75.8,32.2,133.7,44.5,192.6,49.7\tc23.6,2.1,48.7,3.5,103.4-2.5c54.7-6,106.2-25.6,106.2-25.6V0H0v30.3c0,0,72,32.6,158.4,30.5c39.2-0.7,92.8-6.7,134-22.4\tc21.2-8.1,52.2-18.2,79.7-24.2C399.3,7.9,411.6,7.5,421.9,6.5z\"\/>\n<\/svg>\t\t<\/div>\n\t\t\t\t\t<div class=\"elementor-container elementor-column-gap-no\">\n\t\t\t\t\t<div class=\"elementor-column elementor-col-100 elementor-top-column elementor-element elementor-element-3994eef\" data-id=\"3994eef\" data-element_type=\"column\" data-e-type=\"column\">\n\t\t\t<div class=\"elementor-widget-wrap elementor-element-populated\">\n\t\t\t\t\t\t<div class=\"elementor-element elementor-element-162ca7c elementor-widget__width-inherit elementor-widget elementor-widget-heading\" data-id=\"162ca7c\" data-element_type=\"widget\" data-e-type=\"widget\" data-widget_type=\"heading.default\">\n\t\t\t\t<div class=\"elementor-widget-container\">\n\t\t\t\t\t<h1 class=\"elementor-heading-title elementor-size-default\">Our Activities<\/h1>\t\t\t\t<\/div>\n\t\t\t\t<\/div>\n\t\t\t\t\t<\/div>\n\t\t<\/div>\n\t\t\t\t\t<\/div>\n\t\t<\/section>\n\t\t\t\t<section class=\"elementor-section elementor-top-section elementor-element elementor-element-a154487 elementor-section-boxed elementor-section-height-default elementor-section-height-default\" data-id=\"a154487\" data-element_type=\"section\" data-e-type=\"section\">\n\t\t\t\t\t\t<div class=\"elementor-container elementor-column-gap-default\">\n\t\t\t\t\t<div class=\"elementor-column elementor-col-100 elementor-top-column elementor-element elementor-element-9f5c556\" data-id=\"9f5c556\" data-element_type=\"column\" data-e-type=\"column\">\n\t\t\t<div class=\"elementor-widget-wrap elementor-element-populated\">\n\t\t\t\t\t\t<div class=\"elementor-element elementor-element-dcfeefb elementor-widget elementor-widget-text-editor\" data-id=\"dcfeefb\" data-element_type=\"widget\" data-e-type=\"widget\" data-widget_type=\"text-editor.default\">\n\t\t\t\t<div class=\"elementor-widget-container\">\n\t\t\t\t\t\t\t\t\t<p>Anahtar Kelimeler: Past\u00f6rize S\u0131v\u0131 Yumurta, Past\u00f6rize S\u0131v\u0131 Yumurta B\u00fct\u00fcn\u00fc, Past\u00f6rize S\u0131v\u0131 Yumurta Ak\u0131, Past\u00f6rize S\u0131v\u0131 Yumurta Beyaz\u0131<\/p>\t\t\t\t\t\t\t\t<\/div>\n\t\t\t\t<\/div>\n\t\t\t\t<div class=\"elementor-element elementor-element-04196df elementor-widget elementor-widget-heading\" data-id=\"04196df\" data-element_type=\"widget\" data-e-type=\"widget\" data-widget_type=\"heading.default\">\n\t\t\t\t<div class=\"elementor-widget-container\">\n\t\t\t\t\t<h2 class=\"elementor-heading-title elementor-size-default\">ANAKO Past\u00f6rize S\u0131v\u0131 Yumurta<\/h2>\t\t\t\t<\/div>\n\t\t\t\t<\/div>\n\t\t\t\t\t<\/div>\n\t\t<\/div>\n\t\t\t\t\t<\/div>\n\t\t<\/section>\n\t\t\t\t<section class=\"elementor-section elementor-top-section elementor-element elementor-element-c48f65a elementor-section-boxed elementor-section-height-default elementor-section-height-default\" data-id=\"c48f65a\" data-element_type=\"section\" data-e-type=\"section\">\n\t\t\t\t\t\t<div class=\"elementor-container elementor-column-gap-default\">\n\t\t\t\t\t<div class=\"elementor-column elementor-col-100 elementor-top-column elementor-element elementor-element-e166fcf\" data-id=\"e166fcf\" data-element_type=\"column\" data-e-type=\"column\">\n\t\t\t<div class=\"elementor-widget-wrap elementor-element-populated\">\n\t\t\t\t\t\t<div class=\"elementor-element elementor-element-affca48 elementor-widget elementor-widget-text-editor\" data-id=\"affca48\" data-element_type=\"widget\" data-e-type=\"widget\" data-widget_type=\"text-editor.default\">\n\t\t\t\t<div class=\"elementor-widget-container\">\n\t\t\t\t\t\t\t\t\t<p class=\" translation-block\"><strong>Egg<\/strong> is a <strong>sustainable protein<\/strong> source with a great potential. We are continuously working to turn this great potential of <strong>egg<\/strong> into reliable and delicious products for everyone. In order to guarantee the success of our company both today and in the future, we integrate our <strong>sustainability<\/strong> approach throughout the entire value chain, thus ensuring long-term value creation and ensuring the participation of our stakeholders in our success. Our <strong>sustainable<\/strong> development strategy focuses on three key topics:  <span style=\"text-decoration: underline\"><strong>People, Society and Environment.<\/strong><\/span><\/p>\t\t\t\t\t\t\t\t<\/div>\n\t\t\t\t<\/div>\n\t\t\t\t\t<\/div>\n\t\t<\/div>\n\t\t\t\t\t<\/div>\n\t\t<\/section>\n\t\t\t\t<section class=\"elementor-section elementor-top-section elementor-element elementor-element-92cef3b elementor-section-boxed elementor-section-height-default elementor-section-height-default\" data-id=\"92cef3b\" data-element_type=\"section\" data-e-type=\"section\">\n\t\t\t\t\t\t<div class=\"elementor-container elementor-column-gap-default\">\n\t\t\t\t\t<div class=\"elementor-column elementor-col-50 elementor-top-column elementor-element elementor-element-6fd81f4\" data-id=\"6fd81f4\" data-element_type=\"column\" data-e-type=\"column\">\n\t\t\t<div class=\"elementor-widget-wrap elementor-element-populated\">\n\t\t\t\t\t\t<div class=\"elementor-element elementor-element-7a2373d elementor-widget__width-initial elementor-widget elementor-widget-image\" data-id=\"7a2373d\" data-element_type=\"widget\" data-e-type=\"widget\" data-widget_type=\"image.default\">\n\t\t\t\t<div class=\"elementor-widget-container\">\n\t\t\t\t\t\t\t\t\t\t\t\t\t\t\t<img fetchpriority=\"high\" decoding=\"async\" width=\"525\" height=\"525\" src=\"https:\/\/www.anako.com.tr\/wp-content\/uploads\/2023\/08\/surdilk_ing-01.jpg\" class=\"elementor-animation-grow attachment-large size-large wp-image-5273\" alt=\"\" srcset=\"https:\/\/www.anako.com.tr\/wp-content\/uploads\/2023\/08\/surdilk_ing-01.jpg 1000w, https:\/\/www.anako.com.tr\/wp-content\/uploads\/2023\/08\/surdilk_ing-01-300x300.jpg 300w, https:\/\/www.anako.com.tr\/wp-content\/uploads\/2023\/08\/surdilk_ing-01-150x150.jpg 150w, https:\/\/www.anako.com.tr\/wp-content\/uploads\/2023\/08\/surdilk_ing-01-768x768.jpg 768w, https:\/\/www.anako.com.tr\/wp-content\/uploads\/2023\/08\/surdilk_ing-01-12x12.jpg 12w, https:\/\/www.anako.com.tr\/wp-content\/uploads\/2023\/08\/surdilk_ing-01-100x100.jpg 100w, https:\/\/www.anako.com.tr\/wp-content\/uploads\/2023\/08\/surdilk_ing-01-250x250.jpg 250w, https:\/\/www.anako.com.tr\/wp-content\/uploads\/2023\/08\/surdilk_ing-01-350x350.jpg 350w\" sizes=\"100vw\" \/>\t\t\t\t\t\t\t\t\t\t\t\t\t\t\t<\/div>\n\t\t\t\t<\/div>\n\t\t\t\t\t<\/div>\n\t\t<\/div>\n\t\t\t\t<div class=\"elementor-column elementor-col-50 elementor-top-column elementor-element elementor-element-9dfd776\" data-id=\"9dfd776\" data-element_type=\"column\" data-e-type=\"column\">\n\t\t\t<div class=\"elementor-widget-wrap elementor-element-populated\">\n\t\t\t\t\t\t<div class=\"elementor-element elementor-element-d860fd3 elementor-view-default elementor-widget elementor-widget-icon\" data-id=\"d860fd3\" data-element_type=\"widget\" data-e-type=\"widget\" data-widget_type=\"icon.default\">\n\t\t\t\t<div class=\"elementor-widget-container\">\n\t\t\t\t\t\t\t<div class=\"elementor-icon-wrapper\">\n\t\t\t<div class=\"elementor-icon elementor-animation-pulse\">\n\t\t\t<i aria-hidden=\"true\" class=\"jki jki-heart-light\"><\/i>\t\t\t<\/div>\n\t\t<\/div>\n\t\t\t\t\t\t<\/div>\n\t\t\t\t<\/div>\n\t\t\t\t<div class=\"elementor-element elementor-element-2b1dca1 elementor-widget elementor-widget-heading\" data-id=\"2b1dca1\" data-element_type=\"widget\" data-e-type=\"widget\" data-widget_type=\"heading.default\">\n\t\t\t\t<div class=\"elementor-widget-container\">\n\t\t\t\t\t<h2 class=\"elementor-heading-title elementor-size-default\">Health &amp; Welfare of People<\/h2>\t\t\t\t<\/div>\n\t\t\t\t<\/div>\n\t\t\t\t<div class=\"elementor-element elementor-element-fec24a4 elementor-widget elementor-widget-text-editor\" data-id=\"fec24a4\" data-element_type=\"widget\" data-e-type=\"widget\" data-widget_type=\"text-editor.default\">\n\t\t\t\t<div class=\"elementor-widget-container\">\n\t\t\t\t\t\t\t\t\t<p class=\" translation-block\">We are working to bring the potential of the <strong>egg<\/strong> accessible to everyone. We continue to  <strong><span style=\"text-decoration: underline\">improve<\/span><\/strong> our operations by assuring the quality of our products and using new technologies.<\/p>\t\t\t\t\t\t\t\t<\/div>\n\t\t\t\t<\/div>\n\t\t\t\t<div class=\"elementor-element elementor-element-2e0e838 elementor-view-default elementor-widget elementor-widget-icon\" data-id=\"2e0e838\" data-element_type=\"widget\" data-e-type=\"widget\" data-widget_type=\"icon.default\">\n\t\t\t\t<div class=\"elementor-widget-container\">\n\t\t\t\t\t\t\t<div class=\"elementor-icon-wrapper\">\n\t\t\t<div class=\"elementor-icon elementor-animation-pulse\">\n\t\t\t<i aria-hidden=\"true\" class=\"jki jki-Family-light\"><\/i>\t\t\t<\/div>\n\t\t<\/div>\n\t\t\t\t\t\t<\/div>\n\t\t\t\t<\/div>\n\t\t\t\t<div class=\"elementor-element elementor-element-33e3650 elementor-widget elementor-widget-heading\" data-id=\"33e3650\" data-element_type=\"widget\" data-e-type=\"widget\" data-widget_type=\"heading.default\">\n\t\t\t\t<div class=\"elementor-widget-container\">\n\t\t\t\t\t<h2 class=\"elementor-heading-title elementor-size-default\">Development of the Society<\/h2>\t\t\t\t<\/div>\n\t\t\t\t<\/div>\n\t\t\t\t<div class=\"elementor-element elementor-element-8b9e172 elementor-widget elementor-widget-text-editor\" data-id=\"8b9e172\" data-element_type=\"widget\" data-e-type=\"widget\" data-widget_type=\"text-editor.default\">\n\t\t\t\t<div class=\"elementor-widget-container\">\n\t\t\t\t\t\t\t\t\t<p class=\" translation-block\">We are working for a value chain that has the same<strong> ethical values and working principles<\/strong> as us and focuses continuous development. Thus, we contact with many sub-sectors and we provide <strong>employment<\/strong> in different segments and support <strong>social development.<\/strong><\/p>\t\t\t\t\t\t\t\t<\/div>\n\t\t\t\t<\/div>\n\t\t\t\t<div class=\"elementor-element elementor-element-8fa4493 elementor-view-default elementor-widget elementor-widget-icon\" data-id=\"8fa4493\" data-element_type=\"widget\" data-e-type=\"widget\" data-widget_type=\"icon.default\">\n\t\t\t\t<div class=\"elementor-widget-container\">\n\t\t\t\t\t\t\t<div class=\"elementor-icon-wrapper\">\n\t\t\t<div class=\"elementor-icon elementor-animation-pulse\">\n\t\t\t<i aria-hidden=\"true\" class=\"jki jki-globe-light\"><\/i>\t\t\t<\/div>\n\t\t<\/div>\n\t\t\t\t\t\t<\/div>\n\t\t\t\t<\/div>\n\t\t\t\t<div class=\"elementor-element elementor-element-468b3a0 elementor-widget elementor-widget-heading\" data-id=\"468b3a0\" data-element_type=\"widget\" data-e-type=\"widget\" data-widget_type=\"heading.default\">\n\t\t\t\t<div class=\"elementor-widget-container\">\n\t\t\t\t\t<h2 class=\"elementor-heading-title elementor-size-default\">Environmental Sustainability<\/h2>\t\t\t\t<\/div>\n\t\t\t\t<\/div>\n\t\t\t\t<div class=\"elementor-element elementor-element-7a22a2c elementor-widget elementor-widget-text-editor\" data-id=\"7a22a2c\" data-element_type=\"widget\" data-e-type=\"widget\" data-widget_type=\"text-editor.default\">\n\t\t\t\t<div class=\"elementor-widget-container\">\n\t\t\t\t\t\t\t\t\t<p class=\" translation-block\">Egg is selected as the most <strong>accessible and sustainable<\/strong> protein source by the United Nations. In order to minimize the  <span style=\"text-decoration: underline\"><strong>environmental footprint<\/strong> <\/span> of the egg, we use water and energy efficiently, increase our renewable energy production and strive for<span style=\"text-decoration: underline\"><strong> zero waste.<\/strong> <\/span><\/p>\t\t\t\t\t\t\t\t<\/div>\n\t\t\t\t<\/div>\n\t\t\t\t\t<\/div>\n\t\t<\/div>\n\t\t\t\t\t<\/div>\n\t\t<\/section>\n\t\t\t\t<\/div>","protected":false},"excerpt":{"rendered":"<p>\u00c7al\u0131\u015fmalar\u0131m\u0131z Anahtar Kelimeler: Past\u00f6rize S\u0131v\u0131 Yumurta, Past\u00f6rize S\u0131v\u0131 Yumurta B\u00fct\u00fcn\u00fc, Past\u00f6rize S\u0131v\u0131 Yumurta Ak\u0131, Past\u00f6rize S\u0131v\u0131 Yumurta Beyaz\u0131 ANAKO Past\u00f6rize S\u0131v\u0131 Yumurta Yumurtan\u0131n do\u011fas\u0131ndaki mucizeyle gelen b\u00fcy\u00fck potansiyeli herkes i\u00e7in faydal\u0131 ve lezzetli \u00fcr\u00fcnlere d\u00f6n\u00fc\u015ft\u00fcrmek i\u00e7in \u00e7al\u0131\u015f\u0131yoruz. \u015eirketimizin hem bug\u00fcn hem de gelecekteki ba\u015far\u0131s\u0131n\u0131 garanti etmek i\u00e7in s\u00fcrd\u00fcr\u00fclebilirlik \u00e7al\u0131\u015fmalar\u0131m\u0131z\u0131 t\u00fcm de\u011fer zinciri boyunca insan, toplum &hellip; <\/p>\n<p class=\"link-more\"><a href=\"https:\/\/www.anako.com.tr\/en\/calismalarimiz\/\" class=\"more-link\">Continue reading<span class=\"screen-reader-text\"> &#8220;\u00c7al\u0131\u015fmalar\u0131m\u0131z&#8221;<\/span><\/a><\/p>","protected":false},"author":3,"featured_media":0,"parent":0,"menu_order":0,"comment_status":"closed","ping_status":"closed","template":"elementor_header_footer","meta":{"om_disable_all_campaigns":false,"_monsterinsights_skip_tracking":false,"_monsterinsights_sitenote_active":false,"_monsterinsights_sitenote_note":"","_monsterinsights_sitenote_category":0,"_uf_show_specific_survey":0,"_uf_disable_surveys":false,"footnotes":""},"class_list":["post-5272","page","type-page","status-publish","hentry"],"aioseo_notices":[],"_links":{"self":[{"href":"https:\/\/www.anako.com.tr\/en\/wp-json\/wp\/v2\/pages\/5272","targetHints":{"allow":["GET"]}}],"collection":[{"href":"https:\/\/www.anako.com.tr\/en\/wp-json\/wp\/v2\/pages"}],"about":[{"href":"https:\/\/www.anako.com.tr\/en\/wp-json\/wp\/v2\/types\/page"}],"author":[{"embeddable":true,"href":"https:\/\/www.anako.com.tr\/en\/wp-json\/wp\/v2\/users\/3"}],"replies":[{"embeddable":true,"href":"https:\/\/www.anako.com.tr\/en\/wp-json\/wp\/v2\/comments?post=5272"}],"version-history":[{"count":36,"href":"https:\/\/www.anako.com.tr\/en\/wp-json\/wp\/v2\/pages\/5272\/revisions"}],"predecessor-version":[{"id":5372,"href":"https:\/\/www.anako.com.tr\/en\/wp-json\/wp\/v2\/pages\/5272\/revisions\/5372"}],"wp:attachment":[{"href":"https:\/\/www.anako.com.tr\/en\/wp-json\/wp\/v2\/media?parent=5272"}],"curies":[{"name":"wp","href":"https:\/\/api.w.org\/{rel}","templated":true}]}}